{"id":1445,"date":"2022-03-24T19:12:53","date_gmt":"2022-03-24T19:12:53","guid":{"rendered":"http:\/\/15.156.175.92\/a-propos-de-nous\/"},"modified":"2025-01-08T19:09:01","modified_gmt":"2025-01-08T19:09:01","slug":"a-propos-de-nous","status":"publish","type":"page","link":"http:\/\/15.156.175.92\/fr\/a-propos-de-nous\/","title":{"rendered":"\u00c0 propos de nous"},"content":{"rendered":"<div class='two-section-container alignfull'>\n    <div class=\"banner-image--mobile\">\n        <div class=\"trapezoid trapezoid-line\"><\/div>\n        <div class=\"trapezoid show-line\">\n            <img decoding=\"async\" src=\"http:\/\/15.156.175.92\/wp-content\/uploads\/2022\/03\/GenericQuit.jpg\" class='section-img'><\/img>\n        <\/div>\n    <\/div>\n    <div class=\"container two-section-wrapper\">\n        <div class=\"row\">\n            <div class=\"col-xl-6 col-lg-6 col-md-7 col-12 section-text\">\n                <div class=\"section-breadcrumb\">\n                                                                        <span class=\"crumb active\">\u00c0 propos de nous<\/span>\n                                                                                    <\/div>\n                <p class=\"h1\">\u00c0 propos de Nouvelle-\u00c9cosse Sans Tabac<\/h1>\n                <p>\u00c0 propos de Nouvelle-\u00c9cosse Sans Tabac Nouvelle-\u00c9cosse Sans Tabac (NEST) vous aide \u00e0 cesser de fumer et \u00e0 rester non-fumeur. Nous offrons un soutien personnalis\u00e9 sans jugement. NEST fait partie du service 811 en Nouvelle-\u00c9cosse.  Le 811 est exploit\u00e9 par Emergency Medical Care Inc. (EMCI) pour le compte du minist\u00e8re de la Sant\u00e9 et du Mieux-\u00eatre de la Nouvelle-\u00c9cosse. <\/p>\n            <\/div>\n        <\/div>\n    <\/div>\n\n    <div class=\"banner-image--desktop\">\n        <div class=\"trapezoid trapezoid-line\"><\/div>\n\n        <div class=\"trapezoid show-line\">\n            <img decoding=\"async\" src=\"http:\/\/15.156.175.92\/wp-content\/uploads\/2022\/03\/GenericQuit.jpg\" class='section-img'><\/img>\n        <\/div>\n    <\/div>\n\n<\/div>\n\n\n\n\n<div style=\"height:100px\" aria-hidden=\"true\" class=\"wp-block-spacer is-style-responsive-medium\"><\/div>\n\n\n\n<div class=\"wp-block-columns is-layout-flex wp-container-core-columns-is-layout-9d6595d7 wp-block-columns-is-layout-flex\">\n<div class=\"wp-block-column is-layout-flow wp-block-column-is-layout-flow\" style=\"flex-basis:66.66%\">\n<h3 class=\"wp-block-heading is-style-tfns-decorative-heading\"><strong>NEST offre un soutien fond\u00e9 sur des preuves pour arr\u00eater de fumer.<\/strong><\/h3>\n\n\n\n<p>Vous pouvez obtenir ces aides gratuitement par le biais de notre ligne d\u2019aide \u00e0 l\u2019arr\u00eat du tabac 811 et du clavardage s\u00e9curis\u00e9. Les conseillers de NEST sont certifi\u00e9s TEACH2 et ont suivi les formations suivantes:<\/p>\n\n\n\n<ul class=\"wp-block-list\">\n<li>comp\u00e9tence culturelle<\/li>\n\n\n\n<li>entretien motivationnel<\/li>\n\n\n\n<li>pratique \u00e9clair\u00e9e par les traumatismes<\/li>\n<\/ul>\n\n\n\n<p><\/p>\n\n\n\n<p>Les conseillers de NEST sont \u00e9galement form\u00e9s \u00e0 l\u2019abandon du tabac dans le cadre des soins contre le cancer. Cette formation est offerte par la R\u00e9gie de la sant\u00e9 de la Nouvelle-\u00c9cosse.<\/p>\n<\/div>\n\n\n\n<div class=\"wp-block-column is-layout-flow wp-block-column-is-layout-flow\" style=\"flex-basis:33.33%\">\n<h4 class=\"wp-block-heading\">Quel soutien NEST offre-t-elle ?<\/h4>\n\n\n\n<p>Nos services sont accessibles \u00e0 toute personne qui utilise des produits du tabac et \u00e0 ceux qui les soutiennent.&nbsp; Vous pouvez choisir n\u2019importe lequel de ces services :<\/p>\n\n\n\n<ul class=\"wp-block-list\">\n<li>appels ponctuels<\/li>\n\n\n\n<li>conseil t\u00e9l\u00e9phonique continu<\/li>\n\n\n\n<li>conseil en cas de crise<\/li>\n\n\n\n<li>ressources et kits d\u2019abandon<\/li>\n\n\n\n<li>clavardage et assistance par messages texte s\u00e9curis\u00e9s<\/li>\n<\/ul>\n<\/div>\n<\/div>\n\n\n\n<div style=\"height:100px\" aria-hidden=\"true\" class=\"wp-block-spacer is-style-responsive-medium\"><\/div>\n\n\n\n<div class=\"wp-block-columns is-layout-flex wp-container-core-columns-is-layout-9d6595d7 wp-block-columns-is-layout-flex\">\n<div class=\"wp-block-column container is-layout-flow wp-block-column-is-layout-flow\">\n<div class=\"wp-block-columns is-style-skip-two-columns is-layout-flex wp-container-core-columns-is-layout-9d6595d7 wp-block-columns-is-layout-flex\">\n<div class=\"wp-block-column is-layout-flow wp-block-column-is-layout-flow\" style=\"flex-basis:66.66%\">\n<h4 class=\"wp-block-heading\">Ce \u00e0 quoi vous pouvez vous attendre apr\u00e8s avoir contact\u00e9 NEST<\/h4>\n\n\n\n<p>Vous pouvez contacter NEST par le biais de notre ligne d\u2019aide \u00e0 l\u2019arr\u00eat du tabac 811. Vous pouvez \u00e9galement vous inscrire au clavardage s\u00e9curis\u00e9 ou aux messages texte de motivation. Votre prestataire de soins de sant\u00e9 peut \u00e9galement nous contacter par le biais du formulaire de recommandation par t\u00e9l\u00e9copie du prestataire de soins de sant\u00e9.<\/p>\n\n\n\n<p>Une fois que vous ou votre prestataire de soins nous aurez contact\u00e9s, un conseiller vous appellera au num\u00e9ro de t\u00e9l\u00e9phone que vous nous aurez communiqu\u00e9. Cela se fait g\u00e9n\u00e9ralement dans les trois jours ouvrables. Nous essaierons de vous joindre 3 fois. Lorsque nous vous contacterons, vous pourrez faire 3 choses :<\/p>\n\n\n\n<ul class=\"wp-block-list\">\n<li>d\u00e9couvrir les services que nous proposons<\/li>\n\n\n\n<li>poser des questions<\/li>\n\n\n\n<li>nous donner des informations qui nous aideront \u00e0 vous aider.<\/li>\n<\/ul>\n\n\n\n<p><\/p>\n\n\n\n<p>Si vous d\u00e9cidez que vous \u00eates pr\u00eat \u00e0 essayer d\u2019arr\u00eater de fumer, un conseiller qualifi\u00e9 sera disponible par t\u00e9l\u00e9phone pour vous aider. Il peut vous aider \u00e0 faire face aux envies et au sevrage. Il est \u00e9galement l\u00e0 si vous voulez simplement parler. Lorsque vous serez pr\u00eat, votre conseiller vous aidera \u00e0 \u00e9tablir un plan d\u2019abandon qui vous conviendra.<\/p>\n\n\n\n<p>Nos conseillers ont les comp\u00e9tences et l\u2019exp\u00e9rience n\u00e9cessaires pour vous aider \u00e0 arr\u00eater de fumer, quel que soit le type de produit que vous utilisez. Ils peuvent \u00e9galement vous aider \u00e0 arr\u00eater de vapoter.<\/p>\n<\/div>\n\n\n\n<div class=\"wp-block-column is-layout-flow wp-block-column-is-layout-flow\" style=\"flex-basis:33.33%\">\n<div style=\"height:100px\" aria-hidden=\"true\" class=\"wp-block-spacer is-style-responsive-medium\"><\/div>\n\n\n\n<h4 class=\"wp-block-heading\">Horaires du programme :<\/h4>\n\n\n\n<h5 class=\"wp-block-heading\">Lundi \u00e0 jeudi : 9h00 \u00e0 22h00<\/h5>\n\n\n\n<h5 class=\"wp-block-heading\">Vendredi : 9h00 \u00e0 19h00<\/h5>\n\n\n\n<h5 class=\"wp-block-heading\">Samedi et dimanche : 10h \u00e0 18h<\/h5>\n<\/div>\n<\/div>\n<\/div>\n<\/div>\n\n\n\n<div style=\"height:100px\" aria-hidden=\"true\" class=\"wp-block-spacer is-style-responsive-large\"><\/div>\n\n\n<div class='footer-banner alignfull'>\n    <div class='container'>\n        <div class='row'>\n            <div class='col-lg-6 col-12 footer-info-section'>\n                <h3 class='footer-banner-subtitle'>Cesser de fumer se produit une minute, une heure et un jour \u00e0 la fois.<\/h3>\n                <div class='more-info'>\n                    <h1>Nous sommes l\u00e0 pour vous aider.<\/h1>\n                    <p>Obtenez un soutien gratuit, confidentiel et sans jugement pour vous aider \u00e0 rester non-fumeur. Un conseiller bienveillant peut travailler avec vous, \u00e0 votre rythme, pour vous aider \u00e0 suivre votre plan d&rsquo;abandon du tabac.<\/p>\n                <\/div>\n            <\/div>\n\n            \n            <div class='col-xl-6 col-lg-6 col-md-12 col-12 footer-action-cards'>\n               \n\n<div class=\"wp-block-group\"><div class=\"wp-block-group__inner-container is-layout-flow wp-block-group-is-layout-flow\">\n<div class=\"wp-block-columns is-layout-flex wp-container-core-columns-is-layout-9d6595d7 wp-block-columns-is-layout-flex\">\n<div class=\"wp-block-column is-layout-flow wp-block-column-is-layout-flow\">\n<div class='action-card has-white-background-color has-background'  style='background:#FFFFFF'>\n  <div class='action-card-icon'>\n    <i class='fas fa-phone'><\/i>\n  <\/div>\n  \n  <h4 class='action-card-title'>Aide par t\u00e9l\u00e9phone<\/h4>\n  \n  \n    <p class='action-card-description'>Des conseils gratuits sont disponibles Lun\u2013Jeu 9am-10pm, Ven 9am\u20137pm, Sam-Dim 10am\u20136pm<\/p>\n  \n    <div>\n    <a href='tel:811' \n       target=\"_self\" \n       class='action-card-action-button'>\n        <i class='fas fa-phone'><\/i>\n        811\n    <\/a>\n  <\/div>\n  \n    <div style=\"margin-top:10px\">\n    <a href='\/fr\/aide-par-telephone\/' \n       target=\"_self\"\n       class='action-card-action-link'>\n       Fonctionnement de l\u2019Aide par t\u00e9l\u00e9phone\n        <i class=\"fas fa-arrow-right\"><\/i>\n    <\/a>\n  <\/div>\n  <\/div>\n\n<\/div>\n\n\n\n<div class=\"wp-block-column is-layout-flow wp-block-column-is-layout-flow\">\n<div class='action-card has-white-background-color has-background'  style='background:#FFFFFF'>\n  <div class='action-card-icon'>\n    <i class='fas fa-comment'><\/i>\n  <\/div>\n  \n  <h4 class='action-card-title'>Clavardage s\u00e9curis\u00e9<\/h4>\n  \n  \n    <p class='action-card-description'>Counselling en ligne gratuit pour obtenir des conseils et des informations personnalis\u00e9s.<\/p>\n  \n    <div>\n    <a href='\/fr\/clavardage-securise\/' \n       target=\"_self\" \n       class='action-card-action-button'>\n        <i class='fas fa-comment'><\/i>\n        Clavarder maintenant\n    <\/a>\n  <\/div>\n  \n    <div style=\"margin-top:10px\">\n    <a href='\/fr\/clavardage-securise\/' \n       target=\"_self\"\n       class='action-card-action-link'>\n       En savoir plus sur le clavardage s\u00e9curis\u00e9\n        <i class=\"fas fa-arrow-right\"><\/i>\n    <\/a>\n  <\/div>\n  <\/div>\n\n<\/div>\n<\/div>\n\n\n\n<div class=\"wp-block-group has-white-background-color has-background\"><div class=\"wp-block-group__inner-container is-layout-flow wp-block-group-is-layout-flow\">\n<div style=\"height:100px\" aria-hidden=\"true\" class=\"wp-block-spacer is-style-responsive-small\"><\/div>\n\n\n\n<p class=\"has-text-align-center\"><strong>Textez SMOKEFREE au 902-700-7700 pour recevoir des messages de motivation hebdomadaires (en anglais)<\/strong><\/p>\n\n\n\n<div class=\"wp-block-buttons is-layout-flex wp-block-buttons-is-layout-flex\">\n<div class=\"wp-block-button is-style-tfns-arrow-link aligncenter\"><a class=\"wp-block-button__link wp-element-button\" href=\"\/fr\/message-texte-de-motivation-hebdomadaire\/\">En savoir plus sur les textos de motivation<\/a><\/div>\n<\/div>\n\n\n\n<div style=\"height:100px\" aria-hidden=\"true\" class=\"wp-block-spacer is-style-responsive-small\"><\/div>\n<\/div><\/div>\n<\/div><\/div>\n\n\n            <\/div>\n        <\/div>\n    <\/div>\n    <img decoding=\"async\" src=\"http:\/\/15.156.175.92\/wp-content\/uploads\/2022\/03\/Mask-Group-2383.svg\" class='footer-banner-img'><\/img>\n<\/div>","protected":false},"excerpt":{"rendered":"<p>NEST offre un soutien fond\u00e9 sur des preuves pour arr\u00eater de fumer. Vous pouvez obtenir ces aides gratuitement par le biais de notre ligne d\u2019aide \u00e0 l\u2019arr\u00eat du tabac 811 et du clavardage s\u00e9curis\u00e9. Les conseillers de NEST sont certifi\u00e9s TEACH2 et ont suivi les formations suivantes: Les conseillers de NEST sont \u00e9galement form\u00e9s \u00e0 [&hellip;]<\/p>\n","protected":false},"author":3,"featured_media":0,"parent":0,"menu_order":0,"comment_status":"closed","ping_status":"closed","template":"","meta":{"_acf_changed":false,"inline_featured_image":false,"_monsterinsights_skip_tracking":false,"_monsterinsights_sitenote_active":false,"_monsterinsights_sitenote_note":"","_monsterinsights_sitenote_category":0,"_uf_show_specific_survey":0,"_uf_disable_surveys":false,"footnotes":""},"class_list":["post-1445","page","type-page","status-publish","hentry"],"acf":[],"aioseo_notices":[],"_links":{"self":[{"href":"http:\/\/15.156.175.92\/fr\/wp-json\/wp\/v2\/pages\/1445","targetHints":{"allow":["GET"]}}],"collection":[{"href":"http:\/\/15.156.175.92\/fr\/wp-json\/wp\/v2\/pages"}],"about":[{"href":"http:\/\/15.156.175.92\/fr\/wp-json\/wp\/v2\/types\/page"}],"author":[{"embeddable":true,"href":"http:\/\/15.156.175.92\/fr\/wp-json\/wp\/v2\/users\/3"}],"replies":[{"embeddable":true,"href":"http:\/\/15.156.175.92\/fr\/wp-json\/wp\/v2\/comments?post=1445"}],"version-history":[{"count":10,"href":"http:\/\/15.156.175.92\/fr\/wp-json\/wp\/v2\/pages\/1445\/revisions"}],"predecessor-version":[{"id":2198,"href":"http:\/\/15.156.175.92\/fr\/wp-json\/wp\/v2\/pages\/1445\/revisions\/2198"}],"wp:attachment":[{"href":"http:\/\/15.156.175.92\/fr\/wp-json\/wp\/v2\/media?parent=1445"}],"curies":[{"name":"wp","href":"https:\/\/api.w.org\/{rel}","templated":true}]}}