{"id":1450,"date":"2022-03-11T21:38:16","date_gmt":"2022-03-11T21:38:16","guid":{"rendered":"http:\/\/15.156.175.92\/cessez-de-fumer\/"},"modified":"2025-01-08T19:26:04","modified_gmt":"2025-01-08T19:26:04","slug":"cessez-de-fumer","status":"publish","type":"page","link":"http:\/\/15.156.175.92\/fr\/cessez-de-fumer\/","title":{"rendered":"Arr\u00eater de vapoter ou de fumer du tabac"},"content":{"rendered":"<div class='two-section-container alignfull'>\n    <div class=\"banner-image--mobile\">\n        <div class=\"trapezoid trapezoid-line\"><\/div>\n        <div class=\"trapezoid show-line\">\n            <img decoding=\"async\" src=\"http:\/\/15.156.175.92\/wp-content\/uploads\/2022\/03\/Mask-Group-9.svg\" class='section-img'><\/img>\n        <\/div>\n    <\/div>\n    <div class=\"container two-section-wrapper\">\n        <div class=\"row\">\n            <div class=\"col-xl-6 col-lg-6 col-md-7 col-12 section-text\">\n                <div class=\"section-breadcrumb\">\n                                                                        <span class=\"crumb active\">Arr\u00eater de vapoter ou de fumer du tabac<\/span>\n                                                                                    <\/div>\n                <p class=\"h1\">Vous voulez arr\u00eater de fumer ou de vapoter ? Pr\u00eat \u00e0 r\u00e9essayer ? Vous \u00eates au bon endroit.<\/h1>\n                <p>Nouvelle-\u00c9cosse Sans Tabac peut vous aider. Nous offrons un soutien personnalis\u00e9, sans jugement, pour vous aider \u00e0 arr\u00eater de fumer et \u00e0 rester non-fumeur. Que vous envisagiez d\u2019arr\u00eater de fumer ou que vous ayez des difficult\u00e9s, nous pouvons vous aider \u00e0 chaque \u00e9tape du processus. Tous les services sont gratuits et confidentiels.<\/p>\n            <\/div>\n        <\/div>\n    <\/div>\n\n    <div class=\"banner-image--desktop\">\n        <div class=\"trapezoid trapezoid-line\"><\/div>\n\n        <div class=\"trapezoid show-line\">\n            <img decoding=\"async\" src=\"http:\/\/15.156.175.92\/wp-content\/uploads\/2022\/03\/Mask-Group-9.svg\" class='section-img'><\/img>\n        <\/div>\n    <\/div>\n\n<\/div>\n\n\n\n\n<div style=\"height:100px\" aria-hidden=\"true\" class=\"wp-block-spacer is-style-responsive-medium\"><\/div>\n\n\n\n<div class=\"wp-block-columns is-style-skip-two-columns is-layout-flex wp-container-core-columns-is-layout-9d6595d7 wp-block-columns-is-layout-flex\">\n<div class=\"wp-block-column is-vertically-aligned-top is-layout-flow wp-block-column-is-layout-flow\">\n<div class=\"wp-block-columns are-vertically-aligned-center is-not-stacked-on-mobile is-style-default is-layout-flex wp-container-core-columns-is-layout-9d6595d7 wp-block-columns-is-layout-flex\">\n<div class=\"wp-block-column is-vertically-aligned-center is-layout-flow wp-block-column-is-layout-flow\" style=\"flex-basis:15%\"><div class=\"wp-block-image is-resized\">\n<figure class=\"aligncenter size-full\"><img loading=\"lazy\" decoding=\"async\" width=\"82\" height=\"536\" src=\"http:\/\/15.156.175.92\/wp-content\/uploads\/2022\/03\/QuitSmokingProcess.png\" alt=\"\" class=\"wp-image-1325\"\/><\/figure>\n<\/div><\/div>\n\n\n\n<div class=\"wp-block-column is-vertically-aligned-center is-layout-flow wp-block-column-is-layout-flow\" style=\"flex-basis:80%\">\n<div class=\"wp-block-buttons is-nowrap is-layout-flex wp-container-core-buttons-is-layout-ad2f72ca wp-block-buttons-is-layout-flex\">\n<div class=\"wp-block-button has-custom-width wp-block-button__width-100 has-custom-font-size has-regular-font-size\"><a class=\"wp-block-button__link has-white-color has-text-color wp-element-button\" href=\"\/fr\/cessez-de-fumer\/se-motiver\/\">Soyez motiv\u00e9<\/a><\/div>\n<\/div>\n\n\n\n<div style=\"height:100px\" aria-hidden=\"true\" class=\"wp-block-spacer is-style-responsive-small\"><\/div>\n\n\n\n<div class=\"wp-block-buttons is-layout-flex wp-block-buttons-is-layout-flex\">\n<div class=\"wp-block-button has-custom-width wp-block-button__width-100\"><a class=\"wp-block-button__link has-white-color has-text-color wp-element-button\" href=\"\/fr\/cessez-de-fumer\/faire-un-plan\/\">Faire un plan<\/a><\/div>\n<\/div>\n\n\n\n<div style=\"height:100px\" aria-hidden=\"true\" class=\"wp-block-spacer is-style-responsive-small\"><\/div>\n\n\n\n<div class=\"wp-block-buttons is-layout-flex wp-block-buttons-is-layout-flex\">\n<div class=\"wp-block-button has-custom-width wp-block-button__width-100\"><a class=\"wp-block-button__link has-white-color has-text-color wp-element-button\" href=\"\/fr\/cessez-de-fumer\/gerer-les-envies\/\">G\u00e9rer les envies<\/a><\/div>\n<\/div>\n\n\n\n<div style=\"height:100px\" aria-hidden=\"true\" class=\"wp-block-spacer is-style-responsive-small\"><\/div>\n\n\n\n<div class=\"wp-block-buttons is-layout-flex wp-block-buttons-is-layout-flex\">\n<div class=\"wp-block-button has-custom-width wp-block-button__width-100\"><a class=\"wp-block-button__link has-white-color has-text-color wp-element-button\" href=\"\/fr\/cessez-de-fumer\/demeurer-non-fumeur\/\">Demeurer non-fumeur<\/a><\/div>\n<\/div>\n<\/div>\n<\/div>\n<\/div>\n\n\n\n<div class=\"wp-block-column d-md-flex justify-content-end mt-3 is-layout-flow wp-block-column-is-layout-flow\">\n<div class=\"wp-block-group\"><div class=\"wp-block-group__inner-container is-layout-flow wp-block-group-is-layout-flow\">\n<div class=\"wp-block-columns is-layout-flex wp-container-core-columns-is-layout-9d6595d7 wp-block-columns-is-layout-flex\">\n<div class=\"wp-block-column is-layout-flow wp-block-column-is-layout-flow\">\n<div class='action-card has-light-grey-background-color has-background'  style='background:'>\n  <div class='action-card-icon'>\n    <i class='fas fa-phone'><\/i>\n  <\/div>\n  \n  <h4 class='action-card-title'>Aide par t\u00e9l\u00e9phone<\/h4>\n  \n  \n    <p class='action-card-description'>Des conseils gratuits sont disponibles Lun\u2013Jeu 9am-10pm, Ven 9am\u20137pm, Sam-Dim 10am\u20136pm<\/p>\n  \n    <div>\n    <a href='tel:811' \n       target=\"_self\" \n       class='action-card-action-button'>\n        <i class='fas fa-phone'><\/i>\n        811\n    <\/a>\n  <\/div>\n  \n    <div style=\"margin-top:10px\">\n    <a href='http:\/\/15.156.175.92\/quit-line\/' \n       target=\"_self\"\n       class='action-card-action-link'>\n       Fonctionnement de l\u2019Aide par t\u00e9l\u00e9phone\n        <i class=\"fas fa-arrow-right\"><\/i>\n    <\/a>\n  <\/div>\n  <\/div>\n\n<\/div>\n\n\n\n<div class=\"wp-block-column is-layout-flow wp-block-column-is-layout-flow\">\n<div class='action-card has-light-grey-background-color has-background'  style='background:'>\n  <div class='action-card-icon'>\n    <i class='fas fa-comment'><\/i>\n  <\/div>\n  \n  <h4 class='action-card-title'>Clavardage s\u00e9curis\u00e9<\/h4>\n  \n  \n    <p class='action-card-description'>Counselling en ligne gratuit pour obtenir des conseils et des informations personnalis\u00e9s.<\/p>\n  \n    <div>\n    <a href='http:\/\/15.156.175.92\/secure-chat\/' \n       target=\"_self\" \n       class='action-card-action-button'>\n        <i class='fas fa-comment'><\/i>\n        Clavarder maintenant\n    <\/a>\n  <\/div>\n  \n    <div style=\"margin-top:10px\">\n    <a href='http:\/\/15.156.175.92\/secure-chat\/' \n       target=\"_self\"\n       class='action-card-action-link'>\n       En savoir plus sur le clavardage s\u00e9curis\u00e9\n        <i class=\"fas fa-arrow-right\"><\/i>\n    <\/a>\n  <\/div>\n  <\/div>\n\n<\/div>\n<\/div>\n\n\n\n<div class=\"wp-block-group has-light-grey-background-color has-background\"><div class=\"wp-block-group__inner-container is-layout-flow wp-block-group-is-layout-flow\">\n<div style=\"height:100px\" aria-hidden=\"true\" class=\"wp-block-spacer is-style-responsive-small\"><\/div>\n\n\n\n<p class=\"has-text-align-center\"><strong>Textez SMOKEFREE au 902-700-7700 pour recevoir des messages de motivation hebdomadaires (en anglais)<\/strong><\/p>\n\n\n\n<div class=\"wp-block-buttons is-layout-flex wp-block-buttons-is-layout-flex\">\n<div class=\"wp-block-button aligncenter is-style-tfns-arrow-link\"><a class=\"wp-block-button__link\" href=\"#\">En savoir plus sur les textos de motivation<\/a><\/div>\n<\/div>\n\n\n\n<div style=\"height:100px\" aria-hidden=\"true\" class=\"wp-block-spacer is-style-responsive-small\"><\/div>\n<\/div><\/div>\n<\/div><\/div>\n<\/div>\n<\/div>\n\n\n\n<div style=\"height:100px\" aria-hidden=\"true\" class=\"wp-block-spacer is-style-responsive-large\"><\/div>\n","protected":false},"excerpt":{"rendered":"","protected":false},"author":3,"featured_media":0,"parent":0,"menu_order":0,"comment_status":"closed","ping_status":"closed","template":"","meta":{"_acf_changed":false,"inline_featured_image":false,"_monsterinsights_skip_tracking":false,"_monsterinsights_sitenote_active":false,"_monsterinsights_sitenote_note":"","_monsterinsights_sitenote_category":0,"_uf_show_specific_survey":0,"_uf_disable_surveys":false,"footnotes":""},"class_list":["post-1450","page","type-page","status-publish","hentry"],"acf":[],"aioseo_notices":[],"_links":{"self":[{"href":"http:\/\/15.156.175.92\/fr\/wp-json\/wp\/v2\/pages\/1450","targetHints":{"allow":["GET"]}}],"collection":[{"href":"http:\/\/15.156.175.92\/fr\/wp-json\/wp\/v2\/pages"}],"about":[{"href":"http:\/\/15.156.175.92\/fr\/wp-json\/wp\/v2\/types\/page"}],"author":[{"embeddable":true,"href":"http:\/\/15.156.175.92\/fr\/wp-json\/wp\/v2\/users\/3"}],"replies":[{"embeddable":true,"href":"http:\/\/15.156.175.92\/fr\/wp-json\/wp\/v2\/comments?post=1450"}],"version-history":[{"count":6,"href":"http:\/\/15.156.175.92\/fr\/wp-json\/wp\/v2\/pages\/1450\/revisions"}],"predecessor-version":[{"id":2205,"href":"http:\/\/15.156.175.92\/fr\/wp-json\/wp\/v2\/pages\/1450\/revisions\/2205"}],"wp:attachment":[{"href":"http:\/\/15.156.175.92\/fr\/wp-json\/wp\/v2\/media?parent=1450"}],"curies":[{"name":"wp","href":"https:\/\/api.w.org\/{rel}","templated":true}]}}