{"id":1470,"date":"2022-03-23T19:50:37","date_gmt":"2022-03-23T19:50:37","guid":{"rendered":"http:\/\/15.156.175.92\/vapotage\/"},"modified":"2025-05-02T16:26:37","modified_gmt":"2025-05-02T16:26:37","slug":"vapotage","status":"publish","type":"page","link":"http:\/\/15.156.175.92\/fr\/vapotage\/","title":{"rendered":"Vapotage"},"content":{"rendered":"<div class='two-section-container alignfull'>\n    <div class=\"banner-image--mobile\">\n        <div class=\"trapezoid trapezoid-line\"><\/div>\n        <div class=\"trapezoid show-line\">\n            <img decoding=\"async\" src=\"http:\/\/15.156.175.92\/wp-content\/uploads\/2022\/03\/Vaping.jpg\" class='section-img'><\/img>\n        <\/div>\n    <\/div>\n    <div class=\"container two-section-wrapper\">\n        <div class=\"row\">\n            <div class=\"col-xl-6 col-lg-6 col-md-7 col-12 section-text\">\n                <div class=\"section-breadcrumb\">\n                                                                        <span class=\"crumb active\">Vapotage<\/span>\n                                                                                    <\/div>\n                <p class=\"h1\">Informations sur le vapotage <\/h1>\n                <p>On parle de vapotage lorsque l\u2019on respire un a\u00e9rosol produit par un produit de vapotage. Ces produits sont \u00e9galement connus sous le nom de cigarettes \u00e9lectroniques, de vapes ou de stylos \u00e0 vape.<\/p>\n            <\/div>\n        <\/div>\n    <\/div>\n\n    <div class=\"banner-image--desktop\">\n        <div class=\"trapezoid trapezoid-line\"><\/div>\n\n        <div class=\"trapezoid show-line\">\n            <img decoding=\"async\" src=\"http:\/\/15.156.175.92\/wp-content\/uploads\/2022\/03\/Vaping.jpg\" class='section-img'><\/img>\n        <\/div>\n    <\/div>\n\n<\/div>\n\n\n\n\n<div style=\"height:100px\" aria-hidden=\"true\" class=\"wp-block-spacer is-style-responsive-medium\"><\/div>\n\n\n\n<div class=\"wp-block-columns is-style-skip-two-columns is-layout-flex wp-container-core-columns-is-layout-9d6595d7 wp-block-columns-is-layout-flex\">\n<div class=\"wp-block-column is-layout-flow wp-block-column-is-layout-flow\" style=\"flex-basis:66.66%\">\n<h2 class=\"wp-block-heading\">Le vapotage et la d\u00e9pendance<\/h2>\n\n\n\n<p>Certains produits de vapotage contiennent de la nicotine. Ceux-ci peuvent rendre l\u2019utilisateur d\u00e9pendant de la nicotine.<\/p>\n\n\n\n<p>D\u2019autres produits de vapotage ne contiennent PAS de nicotine. Toutefois, si ces produits ne contiennent PAS de nicotine, ils contiennent d\u2019autres substances chimiques nocives. Nous ne connaissons pas encore la nocivit\u00e9 de ces produits.<\/p>\n\n\n\n<p>Que les produits de vapotage contiennent ou non de la nicotine, ils peuvent entra\u00eener un comportement nocif :<\/p>\n\n\n\n<ul class=\"wp-block-list\">\n<li>Les personnes qui fument peuvent passer \u00e0 des produits du tabac comme les cigarettes.<\/li>\n\n\n\n<li>Le vapotage peut amener les gens \u00e0 croire que fumer est un comportement normal.<\/li>\n<\/ul>\n<\/div>\n\n\n\n<div class=\"wp-block-column is-layout-flow wp-block-column-is-layout-flow\" style=\"flex-basis:33.33%\">\n<p>Nous ne comprenons pas encore tous les effets du vapotage. Il peut s\u2019\u00e9couler de nombreuses ann\u00e9es avant que les dommages ne se manifestent. Par cons\u00e9quent, les produits de vapotage ne sont pas, et n\u2019ont jamais \u00e9t\u00e9, approuv\u00e9s en tant qu\u2019aides au sevrage tabagique.<\/p>\n\n\n\n<p>Le vapotage n\u2019est jamais la bonne option pour les adolescents ou toute personne qui n\u2019a jamais fum\u00e9. Il existe de bonnes preuves des effets n\u00e9fastes potentiels du vapotage.<\/p>\n\n\n\n<p>Si vous voulez arr\u00eater de fumer et avez besoin d\u2019aide, contactez-nous :<\/p>\n\n\n\n<div class=\"wp-block-buttons is-layout-flex wp-block-buttons-is-layout-flex\">\n<div class=\"wp-block-button is-style-tfns-external-link\"><a class=\"wp-block-button__link wp-element-button\" href=\"https:\/\/novascotia.ca\/vaping\/fr\/\" target=\"_blank\" rel=\"noreferrer noopener\">Gouvernement de la Nouvelle-\u00c9cosse<\/a><\/div>\n\n\n\n<div class=\"wp-block-button is-style-tfns-external-link\"><a class=\"wp-block-button__link wp-element-button\" href=\"https:\/\/www.canada.ca\/fr\/sante-canada\/services\/tabagisme-et-tabac\/vapotage\/arreter-fumer.html\" target=\"_blank\" rel=\"noreferrer noopener\">Sant\u00e9 Canada<\/a><\/div>\n<\/div>\n\n\n\n<div class=\"wp-block-buttons is-layout-flex wp-block-buttons-is-layout-flex\">\n<div class=\"wp-block-button is-style-tfns-external-link\"><a class=\"wp-block-button__link wp-element-button\" href=\"https:\/\/www.cdc.gov\/tobacco\/e-cigarettes\/?CDC_AAref_Val=https:\/\/www.cdc.gov\/tobacco\/basic_information\/e-cigarettes\/index.htm\" target=\"_blank\" rel=\"noreferrer noopener\">CDC (en anglais)<\/a><\/div>\n<\/div>\n\n\n\n<div class=\"wp-block-buttons is-layout-flex wp-block-buttons-is-layout-flex\">\n<div class=\"wp-block-button is-style-tfns-external-link\"><a class=\"wp-block-button__link wp-element-button\" href=\"https:\/\/811.novascotia.ca\/health_topics\/vapotage\/?lang=fr\" target=\"_blank\" rel=\"noreferrer noopener\">811 Health<\/a><\/div>\n<\/div>\n<\/div>\n<\/div>\n\n\n\n<div style=\"height:100px\" aria-hidden=\"true\" class=\"wp-block-spacer is-style-responsive-large\"><\/div>\n\n\n<div class='footer-banner alignfull'>\n    <div class='container'>\n        <div class='row'>\n            <div class='col-lg-6 col-12 footer-info-section'>\n                <h3 class='footer-banner-subtitle'>Cesser de fumer se produit une minute, une heure et un jour \u00e0 la fois.<\/h3>\n                <div class='more-info'>\n                    <h1>Nous sommes l\u00e0 pour vous aider.<\/h1>\n                    <p>Obtenez un soutien gratuit, confidentiel et sans jugement pour vous aider \u00e0 rester non-fumeur. Un conseiller bienveillant peut travailler avec vous, \u00e0 votre rythme, pour vous aider \u00e0 suivre votre plan d&rsquo;abandon du tabac.<\/p>\n                <\/div>\n            <\/div>\n\n            \n            <div class='col-xl-6 col-lg-6 col-md-12 col-12 footer-action-cards'>\n               \n\n<div class=\"wp-block-group\"><div class=\"wp-block-group__inner-container is-layout-flow wp-block-group-is-layout-flow\">\n<div class=\"wp-block-columns is-layout-flex wp-container-core-columns-is-layout-9d6595d7 wp-block-columns-is-layout-flex\">\n<div class=\"wp-block-column is-layout-flow wp-block-column-is-layout-flow\">\n<div class='action-card has-white-background-color has-background'  style='background:#FFFFFF'>\n  <div class='action-card-icon'>\n    <i class='fas fa-phone'><\/i>\n  <\/div>\n  \n  <h4 class='action-card-title'>Aide par t\u00e9l\u00e9phone<\/h4>\n  \n  \n    <p class='action-card-description'>Des conseils gratuits sont disponibles Lun\u2013Jeu 9am-10pm, Ven 9am\u20137pm, Sam-Dim 10am\u20136pm<\/p>\n  \n    <div>\n    <a href='tel:811' \n       target=\"_self\" \n       class='action-card-action-button'>\n        <i class='fas fa-phone'><\/i>\n        811\n    <\/a>\n  <\/div>\n  \n    <div style=\"margin-top:10px\">\n    <a href='\/fr\/aide-par-telephone\/' \n       target=\"_self\"\n       class='action-card-action-link'>\n       Fonctionnement de l\u2019Aide par t\u00e9l\u00e9phone\n        <i class=\"fas fa-arrow-right\"><\/i>\n    <\/a>\n  <\/div>\n  <\/div>\n\n<\/div>\n\n\n\n<div class=\"wp-block-column is-layout-flow wp-block-column-is-layout-flow\">\n<div class='action-card has-white-background-color has-background'  style='background:#FFFFFF'>\n  <div class='action-card-icon'>\n    <i class='fas fa-comment'><\/i>\n  <\/div>\n  \n  <h4 class='action-card-title'>Clavardage s\u00e9curis\u00e9<\/h4>\n  \n  \n    <p class='action-card-description'>Counselling en ligne gratuit pour obtenir des conseils et des informations personnalis\u00e9s.<\/p>\n  \n    <div>\n    <a href='\/fr\/clavardage-securise\/' \n       target=\"_self\" \n       class='action-card-action-button'>\n        <i class='fas fa-comment'><\/i>\n        Clavarder maintenant\n    <\/a>\n  <\/div>\n  \n    <div style=\"margin-top:10px\">\n    <a href='\/fr\/clavardage-securise\/' \n       target=\"_self\"\n       class='action-card-action-link'>\n       En savoir plus sur le clavardage s\u00e9curis\u00e9\n        <i class=\"fas fa-arrow-right\"><\/i>\n    <\/a>\n  <\/div>\n  <\/div>\n\n<\/div>\n<\/div>\n\n\n\n<div class=\"wp-block-group has-white-background-color has-background\"><div class=\"wp-block-group__inner-container is-layout-flow wp-block-group-is-layout-flow\">\n<div style=\"height:100px\" aria-hidden=\"true\" class=\"wp-block-spacer is-style-responsive-small\"><\/div>\n\n\n\n<p class=\"has-text-align-center\"><strong>Textez SMOKEFREE au 902-700-7700 pour recevoir des messages de motivation hebdomadaires (en anglais)<\/strong><\/p>\n\n\n\n<div class=\"wp-block-buttons is-layout-flex wp-block-buttons-is-layout-flex\">\n<div class=\"wp-block-button is-style-tfns-arrow-link aligncenter\"><a class=\"wp-block-button__link wp-element-button\" href=\"\/fr\/message-texte-de-motivation-hebdomadaire\/\">En savoir plus sur les textos de motivation<\/a><\/div>\n<\/div>\n\n\n\n<div style=\"height:100px\" aria-hidden=\"true\" class=\"wp-block-spacer is-style-responsive-small\"><\/div>\n<\/div><\/div>\n<\/div><\/div>\n\n\n            <\/div>\n        <\/div>\n    <\/div>\n    <img decoding=\"async\" src=\"http:\/\/15.156.175.92\/wp-content\/uploads\/2022\/03\/Mask-Group-2383.svg\" class='footer-banner-img'><\/img>\n<\/div>","protected":false},"excerpt":{"rendered":"<p>Le vapotage et la d\u00e9pendance Certains produits de vapotage contiennent de la nicotine. Ceux-ci peuvent rendre l\u2019utilisateur d\u00e9pendant de la nicotine. D\u2019autres produits de vapotage ne contiennent PAS de nicotine. Toutefois, si ces produits ne contiennent PAS de nicotine, ils contiennent d\u2019autres substances chimiques nocives. Nous ne connaissons pas encore la nocivit\u00e9 de ces produits. [&hellip;]<\/p>\n","protected":false},"author":3,"featured_media":0,"parent":0,"menu_order":0,"comment_status":"closed","ping_status":"closed","template":"","meta":{"_acf_changed":false,"inline_featured_image":false,"_monsterinsights_skip_tracking":false,"_monsterinsights_sitenote_active":false,"_monsterinsights_sitenote_note":"","_monsterinsights_sitenote_category":0,"_uf_show_specific_survey":0,"_uf_disable_surveys":false,"footnotes":""},"class_list":["post-1470","page","type-page","status-publish","hentry"],"acf":[],"aioseo_notices":[],"_links":{"self":[{"href":"http:\/\/15.156.175.92\/fr\/wp-json\/wp\/v2\/pages\/1470","targetHints":{"allow":["GET"]}}],"collection":[{"href":"http:\/\/15.156.175.92\/fr\/wp-json\/wp\/v2\/pages"}],"about":[{"href":"http:\/\/15.156.175.92\/fr\/wp-json\/wp\/v2\/types\/page"}],"author":[{"embeddable":true,"href":"http:\/\/15.156.175.92\/fr\/wp-json\/wp\/v2\/users\/3"}],"replies":[{"embeddable":true,"href":"http:\/\/15.156.175.92\/fr\/wp-json\/wp\/v2\/comments?post=1470"}],"version-history":[{"count":8,"href":"http:\/\/15.156.175.92\/fr\/wp-json\/wp\/v2\/pages\/1470\/revisions"}],"predecessor-version":[{"id":2651,"href":"http:\/\/15.156.175.92\/fr\/wp-json\/wp\/v2\/pages\/1470\/revisions\/2651"}],"wp:attachment":[{"href":"http:\/\/15.156.175.92\/fr\/wp-json\/wp\/v2\/media?parent=1470"}],"curies":[{"name":"wp","href":"https:\/\/api.w.org\/{rel}","templated":true}]}}