{"id":1472,"date":"2022-03-23T19:48:56","date_gmt":"2022-03-23T19:48:56","guid":{"rendered":"http:\/\/15.156.175.92\/femmes\/"},"modified":"2025-01-10T13:04:35","modified_gmt":"2025-01-10T13:04:35","slug":"femmes","status":"publish","type":"page","link":"http:\/\/15.156.175.92\/fr\/femmes\/","title":{"rendered":"Risques sp\u00e9cifiques au sexe"},"content":{"rendered":"<div class='two-section-container alignfull'>\n    <div class=\"banner-image--mobile\">\n        <div class=\"trapezoid trapezoid-line\"><\/div>\n        <div class=\"trapezoid show-line\">\n            <img decoding=\"async\" src=\"http:\/\/15.156.175.92\/wp-content\/uploads\/2022\/03\/Women.jpg\" class='section-img'><\/img>\n        <\/div>\n    <\/div>\n    <div class=\"container two-section-wrapper\">\n        <div class=\"row\">\n            <div class=\"col-xl-6 col-lg-6 col-md-7 col-12 section-text\">\n                <div class=\"section-breadcrumb\">\n                                                                        <span class=\"crumb active\">Risques sp\u00e9cifiques au sexe<\/span>\n                                                                                    <\/div>\n                <p class=\"h1\">Le tabagisme est li\u00e9 \u00e0 des probl\u00e8mes de sant\u00e9 uniques pour les personnes ayant des organes reproducteurs f\u00e9minins.<\/h1>\n                <p><\/p>\n            <\/div>\n        <\/div>\n    <\/div>\n\n    <div class=\"banner-image--desktop\">\n        <div class=\"trapezoid trapezoid-line\"><\/div>\n\n        <div class=\"trapezoid show-line\">\n            <img decoding=\"async\" src=\"http:\/\/15.156.175.92\/wp-content\/uploads\/2022\/03\/Women.jpg\" class='section-img'><\/img>\n        <\/div>\n    <\/div>\n\n<\/div>\n\n\n\n\n<div style=\"height:20px\" aria-hidden=\"true\" class=\"wp-block-spacer is-style-responsive-medium\"><\/div>\n\n\n\n<div class=\"wp-block-columns is-style-skip-two-columns is-layout-flex wp-container-core-columns-is-layout-9d6595d7 wp-block-columns-is-layout-flex\">\n<div class=\"wp-block-column is-layout-flow wp-block-column-is-layout-flow\" style=\"flex-basis:60%\">\n<h3 class=\"wp-block-heading\">Arr\u00eater de fumer est la meilleure chose que vous puissiez faire pour votre sant\u00e9, surtout si vous avez des organes reproducteurs f\u00e9minins. <\/h3>\n\n\n\n<div style=\"height:100px\" aria-hidden=\"true\" class=\"wp-block-spacer is-style-responsive-small\"><\/div>\n\n\n\n<p>En raison de vos caract\u00e9ristiques sexuelles, le tabagisme pr\u00e9sente des risques particuliers pour la sant\u00e9.<\/p>\n\n\n\n<h2 class=\"wp-block-heading\">Cancer du col de l\u2019ut\u00e9rus<\/h2>\n\n\n\n<p>Le VPH, le virus \u00e0 l\u2019origine du cancer du col de l\u2019ut\u00e9rus, est tr\u00e8s r\u00e9pandu. Dans la plupart des cas, il dispara\u00eet de lui-m\u00eame. Fumer affaiblit votre syst\u00e8me immunitaire, ce qui rend plus difficile l\u2019\u00e9limination du VPH. Voici comment vous pouvez r\u00e9duire votre risque de contracter un cancer du col de l\u2019ut\u00e9rus:<\/p>\n\n\n\n<ul class=\"wp-block-list\">\n<li>arr\u00eater de fumer<\/li>\n\n\n\n<li>faire r\u00e9guli\u00e8rement des tests Pap<\/li>\n\n\n\n<li>se faire vacciner contre le VPH<\/li>\n<\/ul>\n\n\n\n<p><\/p>\n\n\n\n<h2 class=\"wp-block-heading\"><strong>Contr\u00f4le des naissances<\/strong><\/h2>\n\n\n\n<p>Si vous fumez ET prenez la pilule contraceptive, vous risquez de faire un caillot de sang, une crise cardiaque ou une attaque. Heureusement, vous pouvez r\u00e9duire ce risque \u00e0 court et \u00e0 long terme.<\/p>\n\n\n\n<p>\u00c0 court terme, passez \u00e0 une forme de contraception sans pilule si vous avez plus de 35 ans.<\/p>\n\n\n\n<p>\u00c0 long terme, arr\u00eatez de fumer.<\/p>\n\n\n\n<div style=\"height:100px\" aria-hidden=\"true\" class=\"wp-block-spacer is-style-responsive-small\"><\/div>\n<\/div>\n\n\n\n<div class=\"wp-block-column is-layout-flow wp-block-column-is-layout-flow\" style=\"flex-basis:40%\">\n<figure class=\"wp-block-image size-large\"><img loading=\"lazy\" decoding=\"async\" width=\"1260\" height=\"1300\" src=\"http:\/\/15.156.175.92\/wp-content\/uploads\/2022\/03\/CigaretteinAshtray-1260x1300.jpg\" alt=\"\" class=\"wp-image-816\" srcset=\"http:\/\/15.156.175.92\/wp-content\/uploads\/2022\/03\/CigaretteinAshtray-1260x1300.jpg 1260w, http:\/\/15.156.175.92\/wp-content\/uploads\/2022\/03\/CigaretteinAshtray-850x877.jpg 850w, http:\/\/15.156.175.92\/wp-content\/uploads\/2022\/03\/CigaretteinAshtray-420x433.jpg 420w, http:\/\/15.156.175.92\/wp-content\/uploads\/2022\/03\/CigaretteinAshtray-768x793.jpg 768w, http:\/\/15.156.175.92\/wp-content\/uploads\/2022\/03\/CigaretteinAshtray.jpg 1500w\" sizes=\"auto, (max-width: 1260px) 100vw, 1260px\" \/><\/figure>\n<\/div>\n<\/div>\n\n\n\n<h2 class=\"wp-block-heading\"><strong>Grossesse<\/strong><\/h2>\n\n\n\n<p>Le tabagisme nuit au d\u00e9veloppement de votre b\u00e9b\u00e9 avant sa naissance. Les enfants de fumeurs naissent souvent plus petits que ceux des non-fumeurs.<\/p>\n\n\n\n<p>Fumer pendant la grossesse fait courir \u00e0 votre b\u00e9b\u00e9 un risque plus \u00e9lev\u00e9 de souffrir de ces probl\u00e8mes de sant\u00e9 apr\u00e8s sa naissance :<\/p>\n\n\n\n<ul class=\"wp-block-list\">\n<li>asthme<\/li>\n\n\n\n<li>infections de l\u2019oreille<\/li>\n\n\n\n<li>syndrome de mort subite du nourrisson (SMSN)<\/li>\n<\/ul>\n\n\n\n<p><\/p>\n\n\n\n<p>Voici comment vous pouvez prot\u00e9ger votre b\u00e9b\u00e9:<\/p>\n\n\n\n<figure class=\"wp-block-table\"><table class=\"has-fixed-layout\"><tbody><tr><td><strong>OK<\/strong><\/td><td><strong>Bon<\/strong><\/td><td><strong>Mieux<\/strong><\/td><td><strong>Meilleur<\/strong><\/td><\/tr><tr><td>R\u00e9duisez votre consommation autant que vous le pouvez<\/td><td>Arr\u00eatez \u00e0 tout moment pendant votre grossesse<\/td><td>Arr\u00eatez dans les 3 premiers mois de votre grossesse<\/td><td>Arr\u00eatez avant de tomber enceinte<\/td><\/tr><\/tbody><\/table><\/figure>\n\n\n\n<div style=\"height:100px\" aria-hidden=\"true\" class=\"wp-block-spacer is-style-responsive-small\"><\/div>\n\n\n\n<ul class=\"wp-block-list\">\n<li>Vous \u00eates plus susceptible de souffrir de maladies cardiaques et d\u2019accidents vasculaires c\u00e9r\u00e9braux \u00e0 cause du tabagisme.<\/li>\n\n\n\n<li>Vos risques de contracter un cancer du sein sont plus \u00e9lev\u00e9s que pour les non-fumeurs.<\/li>\n\n\n\n<li>En vieillissant, vos os peuvent s\u2019amincir et vous avez plus de risques de vous casser un os ou de subir une fracture de la hanche.<\/li>\n\n\n\n<li>Vous avez plus de chances de souffrir de polyarthrite rhumato\u00efde (PR). La PR est une maladie inflammatoire chronique qui provoque un gonflement et des douleurs dans les articulations.<\/li>\n\n\n\n<li>Vous \u00eates plus susceptible d\u2019avoir des cataractes qui affecteront votre vision. La cataracte est une maladie de l\u2019\u0153il dans laquelle le cristallin devient trouble ou brumeux.<\/li>\n<\/ul>\n\n\n\n<div style=\"height:100px\" aria-hidden=\"true\" class=\"wp-block-spacer is-style-responsive-medium\"><\/div>\n\n\n\n<div style=\"height:10px\" aria-hidden=\"true\" class=\"wp-block-spacer\"><\/div>\n\n\n\n<p><\/p>\n\n\n<div class='footer-banner alignfull'>\n    <div class='container'>\n        <div class='row'>\n            <div class='col-lg-6 col-12 footer-info-section'>\n                <h3 class='footer-banner-subtitle'>Cesser de fumer se produit une minute, une heure et un jour \u00e0 la fois.<\/h3>\n                <div class='more-info'>\n                    <h1>Nous sommes l\u00e0 pour vous aider.<\/h1>\n                    <p>Obtenez un soutien gratuit, confidentiel et sans jugement pour vous aider \u00e0 rester non-fumeur. Un conseiller bienveillant peut travailler avec vous, \u00e0 votre rythme, pour vous aider \u00e0 suivre votre plan d&rsquo;abandon du tabac.<\/p>\n                <\/div>\n            <\/div>\n\n            \n            <div class='col-xl-6 col-lg-6 col-md-12 col-12 footer-action-cards'>\n               \n\n<div class=\"wp-block-group\"><div class=\"wp-block-group__inner-container is-layout-flow wp-block-group-is-layout-flow\">\n<div class=\"wp-block-columns is-layout-flex wp-container-core-columns-is-layout-9d6595d7 wp-block-columns-is-layout-flex\">\n<div class=\"wp-block-column is-layout-flow wp-block-column-is-layout-flow\">\n<div class='action-card has-white-background-color has-background'  style='background:#FFFFFF'>\n  <div class='action-card-icon'>\n    <i class='fas fa-phone'><\/i>\n  <\/div>\n  \n  <h4 class='action-card-title'>Aide par t\u00e9l\u00e9phone<\/h4>\n  \n  \n    <p class='action-card-description'>Des conseils gratuits sont disponibles Lun\u2013Jeu 9am-10pm, Ven 9am\u20137pm, Sam-Dim 10am\u20136pm<\/p>\n  \n    <div>\n    <a href='tel:811' \n       target=\"_self\" \n       class='action-card-action-button'>\n        <i class='fas fa-phone'><\/i>\n        811\n    <\/a>\n  <\/div>\n  \n    <div style=\"margin-top:10px\">\n    <a href='\/fr\/aide-par-telephone\/' \n       target=\"_self\"\n       class='action-card-action-link'>\n       Fonctionnement de l\u2019Aide par t\u00e9l\u00e9phone\n        <i class=\"fas fa-arrow-right\"><\/i>\n    <\/a>\n  <\/div>\n  <\/div>\n\n<\/div>\n\n\n\n<div class=\"wp-block-column is-layout-flow wp-block-column-is-layout-flow\">\n<div class='action-card has-white-background-color has-background'  style='background:#FFFFFF'>\n  <div class='action-card-icon'>\n    <i class='fas fa-comment'><\/i>\n  <\/div>\n  \n  <h4 class='action-card-title'>Clavardage s\u00e9curis\u00e9<\/h4>\n  \n  \n    <p class='action-card-description'>Counselling en ligne gratuit pour obtenir des conseils et des informations personnalis\u00e9s.<\/p>\n  \n    <div>\n    <a href='\/fr\/clavardage-securise\/' \n       target=\"_self\" \n       class='action-card-action-button'>\n        <i class='fas fa-comment'><\/i>\n        Clavarder maintenant\n    <\/a>\n  <\/div>\n  \n    <div style=\"margin-top:10px\">\n    <a href='\/fr\/clavardage-securise\/' \n       target=\"_self\"\n       class='action-card-action-link'>\n       En savoir plus sur le clavardage s\u00e9curis\u00e9\n        <i class=\"fas fa-arrow-right\"><\/i>\n    <\/a>\n  <\/div>\n  <\/div>\n\n<\/div>\n<\/div>\n\n\n\n<div class=\"wp-block-group has-white-background-color has-background\"><div class=\"wp-block-group__inner-container is-layout-flow wp-block-group-is-layout-flow\">\n<div style=\"height:100px\" aria-hidden=\"true\" class=\"wp-block-spacer is-style-responsive-small\"><\/div>\n\n\n\n<p class=\"has-text-align-center\"><strong>Textez SMOKEFREE au 902-700-7700 pour recevoir des messages de motivation hebdomadaires (en anglais)<\/strong><\/p>\n\n\n\n<div class=\"wp-block-buttons is-layout-flex wp-block-buttons-is-layout-flex\">\n<div class=\"wp-block-button is-style-tfns-arrow-link aligncenter\"><a class=\"wp-block-button__link wp-element-button\" href=\"\/fr\/message-texte-de-motivation-hebdomadaire\/\">En savoir plus sur les textos de motivation<\/a><\/div>\n<\/div>\n\n\n\n<div style=\"height:100px\" aria-hidden=\"true\" class=\"wp-block-spacer is-style-responsive-small\"><\/div>\n<\/div><\/div>\n<\/div><\/div>\n\n\n            <\/div>\n        <\/div>\n    <\/div>\n    <img decoding=\"async\" src=\"http:\/\/15.156.175.92\/wp-content\/uploads\/2022\/03\/Mask-Group-2383.svg\" class='footer-banner-img'><\/img>\n<\/div>\n\n\n<div class=\"wp-block-group alignwide has-white-color has-dark-grey-background-color has-text-color has-background\"><div class=\"wp-block-group__inner-container is-layout-flow wp-block-group-is-layout-flow\">\n<div style=\"height:100px\" aria-hidden=\"true\" class=\"wp-block-spacer is-style-responsive-small\"><\/div>\n\n\n\n<p class=\"has-small-font-size\">Sources d&rsquo;information: Pregnets <a href=\"https:\/\/www.nicotinedependenceclinic.com\/en\/pregnets\" target=\"_blank\" rel=\"noreferrer noopener\">Pregnets Home | Services de d\u00e9pendance \u00e0 la nicotine (nicotinedependenceclinic.com (en anglais)) <\/a>\/; Lib\u00e9ration ! Aider les femmes \u00e0 cesser de fumer : Un guide d&rsquo;intervention br\u00e8ves contre le tabagisme. British Columbia Centre of Excellence for Women&rsquo; s Health <a href=\"https:\/\/bccewh.bc.ca\/wp-content\/uploads\/2012\/05\/2012_Liberation-HelpingWomenQuitSmoking.pdf\" target=\"_blank\" rel=\"noreferrer noopener\"> https:\/\/bccewh.bc.ca\/wp-content\/uploads\/2014\/02\/Liberation-Guide-FR.pdf (bccewh.bc.ca) <\/a>and, Smoke Free Women (en anglais) <a href=\"https:\/\/women.smokefree.gov\/\" target=\"_blank\" rel=\"noreferrer noopener\"> Home | Smokefree Women<\/a><\/p>\n\n\n\n<div style=\"height:100px\" aria-hidden=\"true\" class=\"wp-block-spacer is-style-responsive-small\"><\/div>\n<\/div><\/div>\n","protected":false},"excerpt":{"rendered":"<p>Arr\u00eater de fumer est la meilleure chose que vous puissiez faire pour votre sant\u00e9, surtout si vous avez des organes reproducteurs f\u00e9minins. En raison de vos caract\u00e9ristiques sexuelles, le tabagisme pr\u00e9sente des risques particuliers pour la sant\u00e9. Cancer du col de l\u2019ut\u00e9rus Le VPH, le virus \u00e0 l\u2019origine du cancer du col de l\u2019ut\u00e9rus, est [&hellip;]<\/p>\n","protected":false},"author":3,"featured_media":0,"parent":0,"menu_order":0,"comment_status":"closed","ping_status":"closed","template":"","meta":{"_acf_changed":false,"inline_featured_image":false,"_monsterinsights_skip_tracking":false,"_monsterinsights_sitenote_active":false,"_monsterinsights_sitenote_note":"","_monsterinsights_sitenote_category":0,"_uf_show_specific_survey":0,"_uf_disable_surveys":false,"footnotes":""},"class_list":["post-1472","page","type-page","status-publish","hentry"],"acf":[],"aioseo_notices":[],"_links":{"self":[{"href":"http:\/\/15.156.175.92\/fr\/wp-json\/wp\/v2\/pages\/1472","targetHints":{"allow":["GET"]}}],"collection":[{"href":"http:\/\/15.156.175.92\/fr\/wp-json\/wp\/v2\/pages"}],"about":[{"href":"http:\/\/15.156.175.92\/fr\/wp-json\/wp\/v2\/types\/page"}],"author":[{"embeddable":true,"href":"http:\/\/15.156.175.92\/fr\/wp-json\/wp\/v2\/users\/3"}],"replies":[{"embeddable":true,"href":"http:\/\/15.156.175.92\/fr\/wp-json\/wp\/v2\/comments?post=1472"}],"version-history":[{"count":9,"href":"http:\/\/15.156.175.92\/fr\/wp-json\/wp\/v2\/pages\/1472\/revisions"}],"predecessor-version":[{"id":2485,"href":"http:\/\/15.156.175.92\/fr\/wp-json\/wp\/v2\/pages\/1472\/revisions\/2485"}],"wp:attachment":[{"href":"http:\/\/15.156.175.92\/fr\/wp-json\/wp\/v2\/media?parent=1472"}],"curies":[{"name":"wp","href":"https:\/\/api.w.org\/{rel}","templated":true}]}}