{"id":1474,"date":"2022-03-23T19:49:56","date_gmt":"2022-03-23T19:49:56","guid":{"rendered":"http:\/\/15.156.175.92\/grossesse-et-allaitement\/"},"modified":"2025-01-10T15:20:22","modified_gmt":"2025-01-10T15:20:22","slug":"grossesse-et-allaitement","status":"publish","type":"page","link":"http:\/\/15.156.175.92\/fr\/grossesse-et-allaitement\/","title":{"rendered":"Maladie mentale"},"content":{"rendered":"<div class='two-section-container alignfull'>\n    <div class=\"banner-image--mobile\">\n        <div class=\"trapezoid trapezoid-line\"><\/div>\n        <div class=\"trapezoid show-line\">\n            <img decoding=\"async\" src=\"http:\/\/15.156.175.92\/wp-content\/uploads\/2022\/03\/MentalHealth.jpg\" class='section-img'><\/img>\n        <\/div>\n    <\/div>\n    <div class=\"container two-section-wrapper\">\n        <div class=\"row\">\n            <div class=\"col-xl-6 col-lg-6 col-md-7 col-12 section-text\">\n                <div class=\"section-breadcrumb\">\n                                                                        <span class=\"crumb active\">Maladie mentale<\/span>\n                                                                                    <\/div>\n                <p class=\"h1\">Si vous souffrez d\u2019une maladie mentale et que vous fumez, vous n\u2019\u00eates pas seul.<\/h1>\n                <p><\/p>\n            <\/div>\n        <\/div>\n    <\/div>\n\n    <div class=\"banner-image--desktop\">\n        <div class=\"trapezoid trapezoid-line\"><\/div>\n\n        <div class=\"trapezoid show-line\">\n            <img decoding=\"async\" src=\"http:\/\/15.156.175.92\/wp-content\/uploads\/2022\/03\/MentalHealth.jpg\" class='section-img'><\/img>\n        <\/div>\n    <\/div>\n\n<\/div>\n\n\n\n\n<div style=\"height:100px\" aria-hidden=\"true\" class=\"wp-block-spacer is-style-responsive-medium\"><\/div>\n\n\n\n<div class=\"wp-block-columns is-style-skip-two-columns is-layout-flex wp-container-core-columns-is-layout-9d6595d7 wp-block-columns-is-layout-flex\">\n<div class=\"wp-block-column is-layout-flow wp-block-column-is-layout-flow\"><a class='text-with-icon-wrapper' \n   href='#mental-illness' \n   style='color:#356426' \n   target=\"_self\">\n    Maladie mentale\n    <i class=\"fas fa-angle-down\"><\/i>\n<\/a>\n\n<a class='text-with-icon-wrapper' \n   href='#depression' \n   style='color:#356426' \n   target=\"_self\">\n    D\u00e9pression\n    <i class=\"fas fa-angle-down\"><\/i>\n<\/a><\/div>\n<\/div>\n\n\n\n<div id=\"mental-illness\" class=\"wp-block-group\"><div class=\"wp-block-group__inner-container is-layout-flow wp-block-group-is-layout-flow\">\n<div class=\"wp-block-columns is-style-skip-two-columns is-layout-flex wp-container-core-columns-is-layout-9d6595d7 wp-block-columns-is-layout-flex\">\n<div class=\"wp-block-column is-layout-flow wp-block-column-is-layout-flow\" style=\"flex-basis:66.66%\">\n<h2 class=\"wp-block-heading\"><strong>Maladie mentale<\/strong><\/h2>\n\n\n\n<p>Au moins la moiti\u00e9 des personnes souffrant de maladie mentale ou de d\u00e9pendance sont \u00e9galement d\u00e9pendantes de la nicotine. Elles fument \u00e9galement plus de cigarettes par jour. Voici quelques raisons possibles:<\/p>\n<\/div>\n\n\n\n<div class=\"wp-block-column is-layout-flow wp-block-column-is-layout-flow\" style=\"flex-basis:33.33%\"><\/div>\n<\/div>\n\n\n\n<div class=\"wp-block-columns is-style-skip-two-columns is-layout-flex wp-container-core-columns-is-layout-9d6595d7 wp-block-columns-is-layout-flex\">\n<div class=\"wp-block-column is-layout-flow wp-block-column-is-layout-flow\"><div class='align- '>\n    <div class='rounded-icon' style=\"background:#FAD828\">\n        <i class=\"fas fa-sync-alt\"><\/i>\n    <\/div>\n<\/div>\n\n\n<h6 class=\"wp-block-heading has-text-align-left\">La nicotine contenue dans les cigarettes cr\u00e9e une forte d\u00e9pendance.<\/h6>\n<\/div>\n\n\n\n<div class=\"wp-block-column is-layout-flow wp-block-column-is-layout-flow\"><div class='align-left '>\n    <div class='rounded-icon' style=\"background:#FAD828\">\n        <i class=\"fas fa-pills\"><\/i>\n    <\/div>\n<\/div>\n\n\n<h6 class=\"wp-block-heading has-text-align-left\">Vous fumez peut-\u00eatre pour mieux supporter les sympt\u00f4mes de votre maladie mentale ou les effets secondaires de vos m\u00e9dicaments.<\/h6>\n<\/div>\n\n\n\n<div class=\"wp-block-column is-layout-flow wp-block-column-is-layout-flow\"><div class='align-left '>\n    <div class='rounded-icon' style=\"background:#FAD828\">\n        <i class=\"fas fa-bolt\"><\/i>\n    <\/div>\n<\/div>\n\n\n<h6 class=\"wp-block-heading has-text-align-left\">Vous \u00eates peut-\u00eatre confront\u00e9 \u00e0 beaucoup de stress, surtout si vous n\u2019avez pas de soutien. Le stress et le tabagisme vont de pair.<\/h6>\n<\/div>\n<\/div>\n\n\n\n<div class=\"wp-block-columns is-style-skip-two-columns is-layout-flex wp-container-core-columns-is-layout-9d6595d7 wp-block-columns-is-layout-flex\">\n<div class=\"wp-block-column is-layout-flow wp-block-column-is-layout-flow\">\n<h4 class=\"wp-block-heading\"><strong><strong>Comment arr\u00eater<\/strong><\/strong><\/h4>\n\n\n\n<p>Des \u00e9tudes montrent que, avec du soutien, les personnes atteintes d\u2019une maladie mentale peuvent arr\u00eater de fumer et rester non-fumeur. Voici comment :<\/p>\n\n\n\n<ul class=\"wp-block-list\">\n<li>Faites un plan<\/li>\n\n\n\n<li>Pr\u00e9parez-vous pour votre journ\u00e9e d\u2019abandon<\/li>\n\n\n\n<li>Demandez le soutien de votre famille et de vos amis<\/li>\n\n\n\n<li>Utilisez des aides pour arr\u00eater de fumer<\/li>\n<\/ul>\n\n\n\n<p><\/p>\n\n\n\n<p>Lorsque vous arr\u00eatez de fumer, vous pouvez ressentir moins d\u2019anxi\u00e9t\u00e9, de stress ou de d\u00e9pression.<\/p>\n<\/div>\n\n\n\n<div class=\"wp-block-column is-layout-flow wp-block-column-is-layout-flow\">\n<h4 class=\"wp-block-heading\"><strong><strong><strong>Tabagisme et m\u00e9dicaments<\/strong><\/strong><\/strong><\/h4>\n\n\n\n<p>Le tabagisme affecte le fonctionnement de certains m\u00e9dicaments. Certains m\u00e9dicaments devront peut-\u00eatre \u00eatre adapt\u00e9s pour \u00e9viter tout effet secondaire ou probl\u00e8me d\u00e9sagr\u00e9able.<\/p>\n\n\n\n<p>Avant d\u2019arr\u00eater de fumer, dites \u00e0 votre prestataire de soins de sant\u00e9 combien vous fumez et comment vous envisagez d\u2019arr\u00eater. Demandez-leur comment l\u2019abandon du tabac affectera les m\u00e9dicaments que vous prenez.<\/p>\n<\/div>\n<\/div>\n\n\n\n<div style=\"height:100px\" aria-hidden=\"true\" class=\"wp-block-spacer is-style-responsive-small\"><\/div>\n\n\n\n<div class=\"wp-block-columns is-style-skip-two-columns is-layout-flex wp-container-core-columns-is-layout-9d6595d7 wp-block-columns-is-layout-flex\">\n<div class=\"wp-block-column is-layout-flow wp-block-column-is-layout-flow\" style=\"flex-basis:66.66%\">\n<h2 class=\"wp-block-heading\">Aides au sevrage tabagique<\/h2>\n\n\n\n<p>Les aides \u00e0 l\u2019arr\u00eat du tabac, comme la th\u00e9rapie de substitution de la nicotine (TsN) et les aides m\u00e9dicales \u00e0 l\u2019arr\u00eat du tabac, sont efficaces. Lorsque vous les utilisez avec le soutien d\u2019un conseiller, vos chances de r\u00e9ussite sont encore meilleures. Parlez-en \u00e0 votre fournisseur de soins de sant\u00e9 si vous voulez utiliser les TSN.<\/p>\n\n\n\n<p>Nouvelle-\u00c9cosse Sans Tabac (NEST) vous aide \u00e0 cesser de fumer et \u00e0 rester non-fumeur. Nous offrons un soutien personnalis\u00e9 sans jugement. Un conseiller attentif peut travailler avec vous, \u00e0 votre rythme, pour vous aider \u00e0 \u00e9laborer et \u00e0 suivre votre plan d\u2019abandon. Nos conseillers ont les comp\u00e9tences et l\u2019exp\u00e9rience n\u00e9cessaires pour vous aider \u00e0 arr\u00eater de fumer, quel que soit le type de produit que vous utilisez. Ils peuvent \u00e9galement vous aider \u00e0 arr\u00eater de vapoter.<\/p>\n\n\n\n<p>Ce qui fonctionne pour vous est le meilleur plan. Nous sommes l\u00e0 pour parler quand vous \u00eates pr\u00eat.<\/p>\n<\/div>\n\n\n\n<div class=\"wp-block-column is-layout-flow wp-block-column-is-layout-flow\" style=\"flex-basis:33.33%\">\n<figure class=\"wp-block-image size-full\"><img loading=\"lazy\" decoding=\"async\" width=\"1224\" height=\"728\" src=\"http:\/\/15.156.175.92\/wp-content\/uploads\/2022\/03\/QuitLine_HeaderIllustration.png\" alt=\"\" class=\"wp-image-1330\" srcset=\"http:\/\/15.156.175.92\/wp-content\/uploads\/2022\/03\/QuitLine_HeaderIllustration.png 1224w, http:\/\/15.156.175.92\/wp-content\/uploads\/2022\/03\/QuitLine_HeaderIllustration-850x506.png 850w, http:\/\/15.156.175.92\/wp-content\/uploads\/2022\/03\/QuitLine_HeaderIllustration-420x250.png 420w, http:\/\/15.156.175.92\/wp-content\/uploads\/2022\/03\/QuitLine_HeaderIllustration-768x457.png 768w\" sizes=\"auto, (max-width: 1224px) 100vw, 1224px\" \/><\/figure>\n<\/div>\n<\/div>\n<\/div><\/div>\n\n\n\n<div style=\"height:100px\" aria-hidden=\"true\" class=\"wp-block-spacer is-style-responsive-medium\"><\/div>\n\n\n\n<div id=\"depression\" class=\"wp-block-group\"><div class=\"wp-block-group__inner-container is-layout-flow wp-block-group-is-layout-flow\">\n<div class=\"wp-block-columns is-style-skip-two-columns is-layout-flex wp-container-core-columns-is-layout-9d6595d7 wp-block-columns-is-layout-flex\">\n<div class=\"wp-block-column is-layout-flow wp-block-column-is-layout-flow\">\n<h2 class=\"wp-block-heading\">D\u00e9pression<\/h2>\n<\/div>\n<\/div>\n\n\n\n<div class=\"wp-block-columns is-style-skip-two-columns is-layout-flex wp-container-core-columns-is-layout-9d6595d7 wp-block-columns-is-layout-flex\">\n<div class=\"wp-block-column is-layout-flow wp-block-column-is-layout-flow\">\n<p>Beaucoup de gens se sentent agit\u00e9s, tristes ou irritables apr\u00e8s avoir cess\u00e9 de fumer. Ces sVous pouvez ressentir certaines de ces choses apr\u00e8s avoir arr\u00eat\u00e9 de fumer ou de vapoter :<\/p>\n\n\n\n<ul class=\"wp-block-list\">\n<li>d\u00e9prime<\/li>\n\n\n\n<li>mauvaise humeur<\/li>\n\n\n\n<li>anxi\u00e9t\u00e9<\/li>\n\n\n\n<li>irritabilit\u00e9<\/li>\n<\/ul>\n\n\n\n<p><\/p>\n\n\n\n<p>Vous n\u2019\u00eates pas seul ! Ces sympt\u00f4mes sont souvent caus\u00e9s par le manque de nicotine. Ils devraient s\u2019am\u00e9liorer dans une ou deux semaines. Une fois que vous aurez surmont\u00e9 ces sautes d\u2019humeur, vous vous sentirez plus \u00e0 m\u00eame de lutter contre vos envies.<\/p>\n\n\n\n<p>Si vous vous sentez d\u00e9prim\u00e9 pendant plus de deux semaines, il peut \u00e9galement s\u2019agir d\u2019une d\u00e9pression. Si vous venez d\u2019avoir un b\u00e9b\u00e9, il peut s\u2019agir d\u2019une d\u00e9pression post-partum. C\u2019est important de parler \u00e0 quelqu\u2019un. Faites appel \u00e0 votre prestataire de soins, \u00e0 un ami ou \u00e0 un conseiller. Vous pouvez joindre l\u2019un de nos conseillers par le biais de ces services :<\/p>\n\n\n\n<ul class=\"wp-block-list\">\n<li>notre ligne d\u2019aide \u00e0 l\u2019arr\u00eat du tabac 811<\/li>\n\n\n\n<li>clavardage s\u00e9curis\u00e9<\/li>\n<\/ul>\n\n\n\n<p><\/p>\n\n\n\n<p>Nos conseillers ont les comp\u00e9tences et l\u2019exp\u00e9rience n\u00e9cessaires pour vous aider \u00e0 arr\u00eater de fumer, quel que soit le type de produit que vous utilisez. Ils peuvent \u00e9galement vous aider \u00e0 arr\u00eater de vapoter.<\/p>\n<\/div>\n\n\n\n<div class=\"wp-block-column is-layout-flow wp-block-column-is-layout-flow\">\n<p>La d\u00e9pression peut survenir \u00e0 tout \u00e2ge et \u00e0 tout le monde. C\u2019est fr\u00e9quent chez les fumeurs. Personne ne sait avec certitude pourquoi.<\/p>\n\n\n\n<p>Il existe des traitements efficaces pour la d\u00e9pression et les autres maladies mentales. Votre prestataire de soins peut vous aider \u00e0 trouver le traitement qui vous convient le mieux.<\/p>\n\n\n\n<p>Arr\u00eater de fumer est un excellent moyen de se sentir mieux dans sa peau. Lorsque vous cesserez de fumer, vous aurez plus d\u2019\u00e9nergie et moins de d\u00e9penses.<\/p>\n\n\n\n<p>Lorsque vous d\u00e9cidez d\u2019arr\u00eater de fumer, faites un plan. Cela vous aidera \u00e0 vous pr\u00e9parer \u00e0 ce que vous ressentirez lors du sevrage de la nicotine. Plus important encore, il vous aidera \u00e0 faire face \u00e0 ces \u00e9motions.<\/p>\n\n\n\n<p>Il y a deux strat\u00e9gies qui vous aideront le plus :<\/p>\n\n\n\n<ul class=\"wp-block-list\">\n<li>obtenir des conseils<\/li>\n\n\n\n<li>utiliser des aides pour arr\u00eater de fumer<\/li>\n<\/ul>\n\n\n\n<p><\/p>\n\n\n\n<p>Si vous prenez des m\u00e9dicaments pour traiter votre d\u00e9pression, parlez-en \u00e0 votre prestataire de soins avant d\u2019arr\u00eater de fumer. Il peut avoir besoin d\u2019ajuster la dose.<\/p>\n<\/div>\n<\/div>\n\n\n\n<div style=\"height:100px\" aria-hidden=\"true\" class=\"wp-block-spacer is-style-responsive-small\"><\/div>\n<\/div><\/div>\n\n\n<div class='footer-banner alignfull'>\n    <div class='container'>\n        <div class='row'>\n            <div class='col-lg-6 col-12 footer-info-section'>\n                <h3 class='footer-banner-subtitle'>Cesser de fumer se produit une minute, une heure et un jour \u00e0 la fois.<\/h3>\n                <div class='more-info'>\n                    <h1>Nous sommes l\u00e0 pour vous aider.<\/h1>\n                    <p>Obtenez un soutien gratuit, confidentiel et sans jugement pour vous aider \u00e0 rester non-fumeur. Un conseiller bienveillant peut travailler avec vous, \u00e0 votre rythme, pour vous aider \u00e0 suivre votre plan d&rsquo;abandon du tabac.<\/p>\n                <\/div>\n            <\/div>\n\n            \n            <div class='col-xl-6 col-lg-6 col-md-12 col-12 footer-action-cards'>\n               \n\n<div class=\"wp-block-group\"><div class=\"wp-block-group__inner-container is-layout-flow wp-block-group-is-layout-flow\">\n<div class=\"wp-block-columns is-layout-flex wp-container-core-columns-is-layout-9d6595d7 wp-block-columns-is-layout-flex\">\n<div class=\"wp-block-column is-layout-flow wp-block-column-is-layout-flow\">\n<div class='action-card has-white-background-color has-background'  style='background:#FFFFFF'>\n  <div class='action-card-icon'>\n    <i class='fas fa-phone'><\/i>\n  <\/div>\n  \n  <h4 class='action-card-title'>Aide par t\u00e9l\u00e9phone<\/h4>\n  \n  \n    <p class='action-card-description'>Des conseils gratuits sont disponibles Lun\u2013Jeu 9am-10pm, Ven 9am\u20137pm, Sam-Dim 10am\u20136pm<\/p>\n  \n    <div>\n    <a href='tel:811' \n       target=\"_self\" \n       class='action-card-action-button'>\n        <i class='fas fa-phone'><\/i>\n        811\n    <\/a>\n  <\/div>\n  \n    <div style=\"margin-top:10px\">\n    <a href='\/fr\/aide-par-telephone\/' \n       target=\"_self\"\n       class='action-card-action-link'>\n       Fonctionnement de l\u2019Aide par t\u00e9l\u00e9phone\n        <i class=\"fas fa-arrow-right\"><\/i>\n    <\/a>\n  <\/div>\n  <\/div>\n\n<\/div>\n\n\n\n<div class=\"wp-block-column is-layout-flow wp-block-column-is-layout-flow\">\n<div class='action-card has-white-background-color has-background'  style='background:#FFFFFF'>\n  <div class='action-card-icon'>\n    <i class='fas fa-comment'><\/i>\n  <\/div>\n  \n  <h4 class='action-card-title'>Clavardage s\u00e9curis\u00e9<\/h4>\n  \n  \n    <p class='action-card-description'>Counselling en ligne gratuit pour obtenir des conseils et des informations personnalis\u00e9s.<\/p>\n  \n    <div>\n    <a href='\/fr\/clavardage-securise\/' \n       target=\"_self\" \n       class='action-card-action-button'>\n        <i class='fas fa-comment'><\/i>\n        Clavarder maintenant\n    <\/a>\n  <\/div>\n  \n    <div style=\"margin-top:10px\">\n    <a href='\/fr\/clavardage-securise\/' \n       target=\"_self\"\n       class='action-card-action-link'>\n       En savoir plus sur le clavardage s\u00e9curis\u00e9\n        <i class=\"fas fa-arrow-right\"><\/i>\n    <\/a>\n  <\/div>\n  <\/div>\n\n<\/div>\n<\/div>\n\n\n\n<div class=\"wp-block-group has-white-background-color has-background\"><div class=\"wp-block-group__inner-container is-layout-flow wp-block-group-is-layout-flow\">\n<div style=\"height:100px\" aria-hidden=\"true\" class=\"wp-block-spacer is-style-responsive-small\"><\/div>\n\n\n\n<p class=\"has-text-align-center\"><strong>Textez SMOKEFREE au 902-700-7700 pour recevoir des messages de motivation hebdomadaires (en anglais)<\/strong><\/p>\n\n\n\n<div class=\"wp-block-buttons is-layout-flex wp-block-buttons-is-layout-flex\">\n<div class=\"wp-block-button is-style-tfns-arrow-link aligncenter\"><a class=\"wp-block-button__link wp-element-button\" href=\"\/fr\/message-texte-de-motivation-hebdomadaire\/\">En savoir plus sur les textos de motivation<\/a><\/div>\n<\/div>\n\n\n\n<div style=\"height:100px\" aria-hidden=\"true\" class=\"wp-block-spacer is-style-responsive-small\"><\/div>\n<\/div><\/div>\n<\/div><\/div>\n\n\n            <\/div>\n        <\/div>\n    <\/div>\n    <img decoding=\"async\" src=\"http:\/\/15.156.175.92\/wp-content\/uploads\/2022\/03\/Mask-Group-2383.svg\" class='footer-banner-img'><\/img>\n<\/div>\n\n\n<div class=\"wp-block-group alignfull has-white-color has-dark-grey-background-color has-text-color has-background\"><div class=\"wp-block-group__inner-container is-layout-flow wp-block-group-is-layout-flow\">\n<div style=\"height:100px\" aria-hidden=\"true\" class=\"wp-block-spacer is-style-responsive-small\"><\/div>\n\n\n\n<p>CAN-ADAPTT. (Janvier 2011). Le R\u00e9seau d\u2019action canadien pour l\u2019avancement, la diss\u00e9mination et l\u2019adoption de pratiques en mati\u00e8re de traitement du tabagisme fond\u00e9es sur l\u2019exp\u00e9rience clinique. Centre de d\u00e9pendance et de sant\u00e9 mentale. Fiche d&rsquo;information sur la maladie mentale et le tabagisme \u00c9nonc\u00e9 sommaire <a href=\"https:\/\/www.nicotinedependenceclinic.com\/en\/canadaptt\/PublishingImages\/Pages\/CAN-ADAPTT-Guidelines\/Mental%20Health%20and%20Other%20Addictions.pdf\">No1 : Tous les praticiens doivent mettre en \u0153uvre des interventions d&rsquo;abandon du tabac, en accordant une attention particuli\u00e8re au sexe, \u00e0 l&rsquo;\u00e2ge- (nicotinedependenceclinic.com)<\/a><\/p>\n\n\n\n<p>American Psychological Association <a href=\"http:\/\/www.apa.org\/monitor\/2013\/06\/smoking.aspx\">http:\/\/www.apa.org\/monitor\/2013\/06\/smoking.aspx<\/a> <\/p>\n\n\n\n<p>Lasser K, Boyd J, Woolhandler S, Himmelstein DU, McCormick D, Bor DH. Smoking and Mental Illness: A Population-Based Prevalence Study. JAMA.2000;284(20):2606-2610. doi:10.1001\/jama.284.20.2606. Extrait de la page: <a href=\"https:\/\/jamanetwork.com\/journals\/jama\/fullarticle\/193305\">Smoking and Mental Illness: A Population-Based Prevalence Study | Lifestyle Behaviors | JAMA | JAMA Network<\/a><\/p>\n\n\n\n<p>National Alliance on Mental Illness <a href=\"https:\/\/www.nami.org\/About-Mental-Illness\/Common-with-Mental-Illness\/Smoking\">Smoking | NAMI: National Alliance on Mental Illness<\/a><br>(Information sources: CAN-ADAPTT <a href=\"https:\/\/www.nicotinedependenceclinic.com\/en\/teach\/Documents\/Tobacco%20Use%2c%20Mental%20Illness%20and%20Substance%20Use%20Disorders.pdf\">Tobacco Use, Mental Illness and Substance Use Disorders.pdf (nicotinedependenceclinic.com)<\/a>, Smokefree.gov<a href=\"https:\/\/smokefree.gov\/challenges-when-quitting\/mood\/smoking-depression\">Smoking &amp; Depression | Smokefree<\/a>, Centre for Disease Control and Prevention <a href=\"https:\/\/www.cdc.gov\/tobacco\/campaign\/tips\/quit-smoking\/guide\/depression-and-smoking.html\">https:\/\/www.cdc.gov\/tobacco\/campaign\/tips\/quit-smoking\/guide\/depression-and-smoking.html<\/a>)<\/p>\n\n\n\n<div style=\"height:100px\" aria-hidden=\"true\" class=\"wp-block-spacer is-style-responsive-small\"><\/div>\n<\/div><\/div>\n","protected":false},"excerpt":{"rendered":"<p>Maladie mentale Au moins la moiti\u00e9 des personnes souffrant de maladie mentale ou de d\u00e9pendance sont \u00e9galement d\u00e9pendantes de la nicotine. Elles fument \u00e9galement plus de cigarettes par jour. Voici quelques raisons possibles: La nicotine contenue dans les cigarettes cr\u00e9e une forte d\u00e9pendance. Vous fumez peut-\u00eatre pour mieux supporter les sympt\u00f4mes de votre maladie mentale [&hellip;]<\/p>\n","protected":false},"author":3,"featured_media":0,"parent":0,"menu_order":0,"comment_status":"closed","ping_status":"closed","template":"","meta":{"_acf_changed":false,"inline_featured_image":false,"_monsterinsights_skip_tracking":false,"_monsterinsights_sitenote_active":false,"_monsterinsights_sitenote_note":"","_monsterinsights_sitenote_category":0,"_uf_show_specific_survey":0,"_uf_disable_surveys":false,"footnotes":""},"class_list":["post-1474","page","type-page","status-publish","hentry"],"acf":[],"aioseo_notices":[],"_links":{"self":[{"href":"http:\/\/15.156.175.92\/fr\/wp-json\/wp\/v2\/pages\/1474","targetHints":{"allow":["GET"]}}],"collection":[{"href":"http:\/\/15.156.175.92\/fr\/wp-json\/wp\/v2\/pages"}],"about":[{"href":"http:\/\/15.156.175.92\/fr\/wp-json\/wp\/v2\/types\/page"}],"author":[{"embeddable":true,"href":"http:\/\/15.156.175.92\/fr\/wp-json\/wp\/v2\/users\/3"}],"replies":[{"embeddable":true,"href":"http:\/\/15.156.175.92\/fr\/wp-json\/wp\/v2\/comments?post=1474"}],"version-history":[{"count":11,"href":"http:\/\/15.156.175.92\/fr\/wp-json\/wp\/v2\/pages\/1474\/revisions"}],"predecessor-version":[{"id":2515,"href":"http:\/\/15.156.175.92\/fr\/wp-json\/wp\/v2\/pages\/1474\/revisions\/2515"}],"wp:attachment":[{"href":"http:\/\/15.156.175.92\/fr\/wp-json\/wp\/v2\/media?parent=1474"}],"curies":[{"name":"wp","href":"https:\/\/api.w.org\/{rel}","templated":true}]}}