{"id":1476,"date":"2022-03-23T19:49:32","date_gmt":"2022-03-23T19:49:32","guid":{"rendered":"http:\/\/15.156.175.92\/adultes-ages\/"},"modified":"2025-01-09T18:58:09","modified_gmt":"2025-01-09T18:58:09","slug":"adultes-ages","status":"publish","type":"page","link":"http:\/\/15.156.175.92\/fr\/adultes-ages\/","title":{"rendered":"Adultes \u00e2g\u00e9s"},"content":{"rendered":"<div class='two-section-container alignfull'>\n    <div class=\"banner-image--mobile\">\n        <div class=\"trapezoid trapezoid-line\"><\/div>\n        <div class=\"trapezoid show-line\">\n            <img decoding=\"async\" src=\"http:\/\/15.156.175.92\/wp-content\/uploads\/2022\/03\/OlderAdults.jpg\" class='section-img'><\/img>\n        <\/div>\n    <\/div>\n    <div class=\"container two-section-wrapper\">\n        <div class=\"row\">\n            <div class=\"col-xl-6 col-lg-6 col-md-7 col-12 section-text\">\n                <div class=\"section-breadcrumb\">\n                                                                        <span class=\"crumb active\">Adultes \u00e2g\u00e9s<\/span>\n                                                                                    <\/div>\n                <p class=\"h1\">M\u00eame si vous consommez du tabac depuis des d\u00e9cennies, il y a des avantages \u00e0 cesser de fumer.<\/h1>\n                <p>Arr\u00eater de fumer est la meilleure chose que vous puissiez faire pour vous-m\u00eame \u00e0 tout \u00e2ge. Des \u00e9tudes montrent que lorsque vous d\u00e9cidez d\u2019arr\u00eater de fumer \u00e0 un \u00e2ge plus avanc\u00e9, vos chances de r\u00e9ussite peuvent encore \u00eatre assez \u00e9lev\u00e9es.<\/p>\n            <\/div>\n        <\/div>\n    <\/div>\n\n    <div class=\"banner-image--desktop\">\n        <div class=\"trapezoid trapezoid-line\"><\/div>\n\n        <div class=\"trapezoid show-line\">\n            <img decoding=\"async\" src=\"http:\/\/15.156.175.92\/wp-content\/uploads\/2022\/03\/OlderAdults.jpg\" class='section-img'><\/img>\n        <\/div>\n    <\/div>\n\n<\/div>\n\n\n\n\n<div style=\"height:100px\" aria-hidden=\"true\" class=\"wp-block-spacer is-style-responsive-medium\"><\/div>\n\n\n\n<div class=\"wp-block-columns is-layout-flex wp-container-core-columns-is-layout-9d6595d7 wp-block-columns-is-layout-flex\">\n<div class=\"wp-block-column is-layout-flow wp-block-column-is-layout-flow\">\n<div class=\"wp-block-columns container is-style-skip-two-columns is-layout-flex wp-container-core-columns-is-layout-9d6595d7 wp-block-columns-is-layout-flex\">\n<div class=\"wp-block-column is-layout-flow wp-block-column-is-layout-flow\" style=\"flex-basis:60%\">\n<h3 class=\"wp-block-heading\">Voil\u00e0 ce \u00e0 quoi vous pouvez vous attendre si vous arr\u00eatez maintenant :<\/h3>\n\n\n\n<ul class=\"wp-block-list\">\n<li>Votre sant\u00e9 va s\u2019am\u00e9liorer.<\/li>\n\n\n\n<li>Vos poumons fonctionneront mieux.<\/li>\n\n\n\n<li>Vous aurez les id\u00e9es plus claires et pourriez pr\u00e9venir la d\u00e9mence.<\/li>\n\n\n\n<li>Vous pourriez vivre plus longtemps.<\/li>\n<\/ul>\n\n\n\n<p><\/p>\n\n\n\n<p>Les strat\u00e9gies d\u2019abandon du tabac qui fonctionnent pour les jeunes peuvent \u00e9galement fonctionner pour vous. Nous vous soutenons pour que vous puissiez faire ces choses :<\/p>\n\n\n\n<ul class=\"wp-block-list\">\n<li>Vous motiver<\/li>\n\n\n\n<li>Faire un plan<\/li>\n\n\n\n<li>G\u00e9rer les envies<\/li>\n\n\n\n<li>Rester non-fumeur Il existe plusieurs fa\u00e7ons d\u2019arr\u00eater de fumer :<\/li>\n\n\n\n<li>S\u2019arr\u00eater soudainement sans aide. C\u2019est ce qu\u2019on appelle le \u00ab sevrage brutal \u00bb.<\/li>\n\n\n\n<li>Obtenez le soutien d\u2019un conseiller.<\/li>\n\n\n\n<li>Faites un plan. Pour ce faire, vous pouvez obtenir l\u2019aide de votre fournisseur de soins de sant\u00e9 ou de services comme Nouvelle-\u00c9cosse Sans Tabac.<\/li>\n<\/ul>\n\n\n\n<p><\/p>\n\n\n\n<h3 class=\"wp-block-heading\"><strong>Aides \u00e0 l\u2019arr\u00eat de travail<\/strong><\/h3>\n\n\n\n<p>Il existe des m\u00e9dicaments qui peuvent vous aider \u00e0 arr\u00eater de fumer. Vous avez besoin d\u2019une ordonnance pour les obtenir. Vous pouvez obtenir une ordonnance aupr\u00e8s de votre prestataire de soins. Si vous avez un r\u00e9gime priv\u00e9 d\u2019assurance-m\u00e9dicaments, demandez-lui s\u2019il couvre les aides m\u00e9dicales \u00e0 l\u2019arr\u00eat du tabac.<\/p>\n\n\n\n<p>Si vous \u00eates membre du programme d\u2019assurance-m\u00e9dicaments pour les personnes \u00e2g\u00e9es, celui-ci peut payer vos aides m\u00e9dicales \u00e0 l\u2019abandon. Si vous n\u2019\u00eates PAS membre, d\u00e9couvrez comment vous pouvez le devenir :<\/p>\n\n\n\n<p>Appelez le num\u00e9ro gratuit 1-800-544-6191 du lundi au vendredi.<\/p>\n\n\n\n<p>OU<\/p>\n\n\n\n<p>Visitez le Programme d\u2019assurance-m\u00e9dicaments pour les a\u00een\u00e9s<\/p>\n\n\n\n<p>En tant que membre du Programme d\u2019assurance-m\u00e9dicaments pour les a\u00een\u00e9s, vous serez rembours\u00e9 pour un maximum de 12 semaines de th\u00e9rapie standard par an. Si vous avez besoin d\u2019un deuxi\u00e8me traitement, votre prescripteur devra envoyer une demande d\u2019autorisation sp\u00e9ciale \u00e0 Pharmacare.<\/p>\n\n\n\n<div style=\"height:100px\" aria-hidden=\"true\" class=\"wp-block-spacer is-style-responsive-small\"><\/div>\n<\/div>\n\n\n\n<div class=\"wp-block-column is-layout-flow wp-block-column-is-layout-flow\" style=\"flex-basis:40%\">\n<figure class=\"wp-block-image size-large\"><img loading=\"lazy\" decoding=\"async\" width=\"1300\" height=\"977\" src=\"http:\/\/15.156.175.92\/wp-content\/uploads\/2024\/11\/OlderCouple-edited-1300x977.jpg\" alt=\"\" class=\"wp-image-1682\" srcset=\"http:\/\/15.156.175.92\/wp-content\/uploads\/2024\/11\/OlderCouple-edited-1300x977.jpg 1300w, http:\/\/15.156.175.92\/wp-content\/uploads\/2024\/11\/OlderCouple-edited-850x639.jpg 850w, http:\/\/15.156.175.92\/wp-content\/uploads\/2024\/11\/OlderCouple-edited-420x316.jpg 420w, http:\/\/15.156.175.92\/wp-content\/uploads\/2024\/11\/OlderCouple-edited-768x577.jpg 768w, http:\/\/15.156.175.92\/wp-content\/uploads\/2024\/11\/OlderCouple-edited.jpg 1498w\" sizes=\"auto, (max-width: 1300px) 100vw, 1300px\" \/><\/figure>\n\n\n\n<div style=\"height:70px\" aria-hidden=\"true\" class=\"wp-block-spacer\"><\/div>\n<\/div>\n<\/div>\n<\/div>\n<\/div>\n\n\n\n<div class=\"wp-block-columns is-style-skip-two-columns is-layout-flex wp-container-core-columns-is-layout-9d6595d7 wp-block-columns-is-layout-flex\">\n<div class=\"wp-block-column is-layout-flow wp-block-column-is-layout-flow\">\n<h5 class=\"wp-block-heading\">Les strat\u00e9gies d\u2019abandon du tabac qui fonctionnent pour les jeunes peuvent \u00e9galement fonctionner pour vous. Nous vous soutiendrons pour que vous puissiez:<\/h5>\n\n\n\n<div class=\"wp-block-group\"><div class=\"wp-block-group__inner-container is-layout-flow wp-block-group-is-layout-flow\">\n<div class=\"wp-block-columns are-vertically-aligned-center is-not-stacked-on-mobile is-style-default is-layout-flex wp-container-core-columns-is-layout-9d6595d7 wp-block-columns-is-layout-flex\">\n<div class=\"wp-block-column is-vertically-aligned-center is-layout-flow wp-block-column-is-layout-flow\" style=\"flex-basis:15%\"><div class=\"wp-block-image is-resized\">\n<figure class=\"aligncenter size-full\"><img loading=\"lazy\" decoding=\"async\" width=\"82\" height=\"536\" src=\"http:\/\/15.156.175.92\/wp-content\/uploads\/2022\/03\/QuitSmokingProcess.png\" alt=\"\" class=\"wp-image-1325\"\/><\/figure>\n<\/div><\/div>\n\n\n\n<div class=\"wp-block-column is-vertically-aligned-center is-layout-flow wp-block-column-is-layout-flow\" style=\"flex-basis:80%\">\n<div class=\"wp-block-buttons is-nowrap is-layout-flex wp-container-core-buttons-is-layout-ad2f72ca wp-block-buttons-is-layout-flex\">\n<div class=\"wp-block-button has-custom-width wp-block-button__width-100 has-custom-font-size has-regular-font-size\"><a class=\"wp-block-button__link has-white-color has-text-color wp-element-button\" href=\"\/fr\/cessez-de-fumer\/se-motiver\/\">Soyez motiv\u00e9<\/a><\/div>\n<\/div>\n\n\n\n<div style=\"height:100px\" aria-hidden=\"true\" class=\"wp-block-spacer is-style-responsive-small\"><\/div>\n\n\n\n<div class=\"wp-block-buttons is-layout-flex wp-block-buttons-is-layout-flex\">\n<div class=\"wp-block-button has-custom-width wp-block-button__width-100\"><a class=\"wp-block-button__link has-white-color has-text-color wp-element-button\" href=\"\/fr\/cessez-de-fumer\/faire-un-plan\/\">Faire un plan<\/a><\/div>\n<\/div>\n\n\n\n<div style=\"height:100px\" aria-hidden=\"true\" class=\"wp-block-spacer is-style-responsive-small\"><\/div>\n\n\n\n<div class=\"wp-block-buttons is-layout-flex wp-block-buttons-is-layout-flex\">\n<div class=\"wp-block-button has-custom-width wp-block-button__width-100\"><a class=\"wp-block-button__link has-white-color has-text-color wp-element-button\" href=\"\/fr\/cessez-de-fumer\/gerer-les-envies\/\">G\u00e9rer les envies<\/a><\/div>\n<\/div>\n\n\n\n<div style=\"height:100px\" aria-hidden=\"true\" class=\"wp-block-spacer is-style-responsive-small\"><\/div>\n\n\n\n<div class=\"wp-block-buttons is-layout-flex wp-block-buttons-is-layout-flex\">\n<div class=\"wp-block-button has-custom-width wp-block-button__width-100\"><a class=\"wp-block-button__link has-white-color has-text-color wp-element-button\" href=\"\/fr\/cessez-de-fumer\/demeurer-non-fumeur\/\">Demeurer non-fumeur<\/a><\/div>\n<\/div>\n<\/div>\n<\/div>\n<\/div><\/div>\n<\/div>\n\n\n\n<div class=\"wp-block-column is-layout-flow wp-block-column-is-layout-flow\"><\/div>\n<\/div>\n\n\n\n<div style=\"height:100px\" aria-hidden=\"true\" class=\"wp-block-spacer is-style-responsive-medium\"><\/div>\n\n\n<div class='footer-banner alignfull'>\n    <div class='container'>\n        <div class='row'>\n            <div class='col-lg-6 col-12 footer-info-section'>\n                <h3 class='footer-banner-subtitle'>Cesser de fumer se produit une minute, une heure et un jour \u00e0 la fois.<\/h3>\n                <div class='more-info'>\n                    <h1>Nous sommes l\u00e0 pour vous aider.<\/h1>\n                    <p>Obtenez un soutien gratuit, confidentiel et sans jugement pour vous aider \u00e0 rester non-fumeur. Un conseiller bienveillant peut travailler avec vous, \u00e0 votre rythme, pour vous aider \u00e0 suivre votre plan d&rsquo;abandon du tabac.<\/p>\n                <\/div>\n            <\/div>\n\n            \n            <div class='col-xl-6 col-lg-6 col-md-12 col-12 footer-action-cards'>\n               \n\n<div class=\"wp-block-group\"><div class=\"wp-block-group__inner-container is-layout-flow wp-block-group-is-layout-flow\">\n<div class=\"wp-block-columns is-layout-flex wp-container-core-columns-is-layout-9d6595d7 wp-block-columns-is-layout-flex\">\n<div class=\"wp-block-column is-layout-flow wp-block-column-is-layout-flow\">\n<div class='action-card has-white-background-color has-background'  style='background:#FFFFFF'>\n  <div class='action-card-icon'>\n    <i class='fas fa-phone'><\/i>\n  <\/div>\n  \n  <h4 class='action-card-title'>Aide par t\u00e9l\u00e9phone<\/h4>\n  \n  \n    <p class='action-card-description'>Des conseils gratuits sont disponibles Lun\u2013Jeu 9am-10pm, Ven 9am\u20137pm, Sam-Dim 10am\u20136pm<\/p>\n  \n    <div>\n    <a href='tel:811' \n       target=\"_self\" \n       class='action-card-action-button'>\n        <i class='fas fa-phone'><\/i>\n        811\n    <\/a>\n  <\/div>\n  \n    <div style=\"margin-top:10px\">\n    <a href='\/fr\/aide-par-telephone\/' \n       target=\"_self\"\n       class='action-card-action-link'>\n       Fonctionnement de l\u2019Aide par t\u00e9l\u00e9phone\n        <i class=\"fas fa-arrow-right\"><\/i>\n    <\/a>\n  <\/div>\n  <\/div>\n\n<\/div>\n\n\n\n<div class=\"wp-block-column is-layout-flow wp-block-column-is-layout-flow\">\n<div class='action-card has-white-background-color has-background'  style='background:#FFFFFF'>\n  <div class='action-card-icon'>\n    <i class='fas fa-comment'><\/i>\n  <\/div>\n  \n  <h4 class='action-card-title'>Clavardage s\u00e9curis\u00e9<\/h4>\n  \n  \n    <p class='action-card-description'>Counselling en ligne gratuit pour obtenir des conseils et des informations personnalis\u00e9s.<\/p>\n  \n    <div>\n    <a href='\/fr\/clavardage-securise\/' \n       target=\"_self\" \n       class='action-card-action-button'>\n        <i class='fas fa-comment'><\/i>\n        Clavarder maintenant\n    <\/a>\n  <\/div>\n  \n    <div style=\"margin-top:10px\">\n    <a href='\/fr\/clavardage-securise\/' \n       target=\"_self\"\n       class='action-card-action-link'>\n       En savoir plus sur le clavardage s\u00e9curis\u00e9\n        <i class=\"fas fa-arrow-right\"><\/i>\n    <\/a>\n  <\/div>\n  <\/div>\n\n<\/div>\n<\/div>\n\n\n\n<div class=\"wp-block-group has-white-background-color has-background\"><div class=\"wp-block-group__inner-container is-layout-flow wp-block-group-is-layout-flow\">\n<div style=\"height:100px\" aria-hidden=\"true\" class=\"wp-block-spacer is-style-responsive-small\"><\/div>\n\n\n\n<p class=\"has-text-align-center\"><strong>Textez SMOKEFREE au 902-700-7700 pour recevoir des messages de motivation hebdomadaires (en anglais)<\/strong><\/p>\n\n\n\n<div class=\"wp-block-buttons is-layout-flex wp-block-buttons-is-layout-flex\">\n<div class=\"wp-block-button is-style-tfns-arrow-link aligncenter\"><a class=\"wp-block-button__link wp-element-button\" href=\"\/fr\/message-texte-de-motivation-hebdomadaire\/\">En savoir plus sur les textos de motivation<\/a><\/div>\n<\/div>\n\n\n\n<div style=\"height:100px\" aria-hidden=\"true\" class=\"wp-block-spacer is-style-responsive-small\"><\/div>\n<\/div><\/div>\n<\/div><\/div>\n\n\n            <\/div>\n        <\/div>\n    <\/div>\n    <img decoding=\"async\" src=\"http:\/\/15.156.175.92\/wp-content\/uploads\/2022\/03\/Mask-Group-2383.svg\" class='footer-banner-img'><\/img>\n<\/div>","protected":false},"excerpt":{"rendered":"<p>Voil\u00e0 ce \u00e0 quoi vous pouvez vous attendre si vous arr\u00eatez maintenant : Les strat\u00e9gies d\u2019abandon du tabac qui fonctionnent pour les jeunes peuvent \u00e9galement fonctionner pour vous. Nous vous soutenons pour que vous puissiez faire ces choses : Aides \u00e0 l\u2019arr\u00eat de travail Il existe des m\u00e9dicaments qui peuvent vous aider \u00e0 arr\u00eater de [&hellip;]<\/p>\n","protected":false},"author":3,"featured_media":0,"parent":0,"menu_order":0,"comment_status":"closed","ping_status":"closed","template":"","meta":{"_acf_changed":false,"inline_featured_image":false,"_monsterinsights_skip_tracking":false,"_monsterinsights_sitenote_active":false,"_monsterinsights_sitenote_note":"","_monsterinsights_sitenote_category":0,"_uf_show_specific_survey":0,"_uf_disable_surveys":false,"footnotes":""},"class_list":["post-1476","page","type-page","status-publish","hentry"],"acf":[],"aioseo_notices":[],"_links":{"self":[{"href":"http:\/\/15.156.175.92\/fr\/wp-json\/wp\/v2\/pages\/1476","targetHints":{"allow":["GET"]}}],"collection":[{"href":"http:\/\/15.156.175.92\/fr\/wp-json\/wp\/v2\/pages"}],"about":[{"href":"http:\/\/15.156.175.92\/fr\/wp-json\/wp\/v2\/types\/page"}],"author":[{"embeddable":true,"href":"http:\/\/15.156.175.92\/fr\/wp-json\/wp\/v2\/users\/3"}],"replies":[{"embeddable":true,"href":"http:\/\/15.156.175.92\/fr\/wp-json\/wp\/v2\/comments?post=1476"}],"version-history":[{"count":9,"href":"http:\/\/15.156.175.92\/fr\/wp-json\/wp\/v2\/pages\/1476\/revisions"}],"predecessor-version":[{"id":2472,"href":"http:\/\/15.156.175.92\/fr\/wp-json\/wp\/v2\/pages\/1476\/revisions\/2472"}],"wp:attachment":[{"href":"http:\/\/15.156.175.92\/fr\/wp-json\/wp\/v2\/media?parent=1476"}],"curies":[{"name":"wp","href":"https:\/\/api.w.org\/{rel}","templated":true}]}}