{"id":1497,"date":"2022-03-22T04:17:33","date_gmt":"2022-03-22T04:17:33","guid":{"rendered":"http:\/\/15.156.175.92\/grossesse-et-allaitement-2\/"},"modified":"2025-01-10T13:22:42","modified_gmt":"2025-01-10T13:22:42","slug":"grossesse-et-allaitement-2","status":"publish","type":"page","link":"http:\/\/15.156.175.92\/fr\/grossesse-et-allaitement-2\/","title":{"rendered":"Grossesse et allaitement"},"content":{"rendered":"<div class='two-section-container alignfull'>\n    <div class=\"banner-image--mobile\">\n        <div class=\"trapezoid trapezoid-line\"><\/div>\n        <div class=\"trapezoid show-line\">\n            <img decoding=\"async\" src=\"http:\/\/15.156.175.92\/wp-content\/uploads\/2022\/03\/PregnancyandBreastfeeding.jpg\" class='section-img'><\/img>\n        <\/div>\n    <\/div>\n    <div class=\"container two-section-wrapper\">\n        <div class=\"row\">\n            <div class=\"col-xl-6 col-lg-6 col-md-7 col-12 section-text\">\n                <div class=\"section-breadcrumb\">\n                                                                        <span class=\"crumb active\">Grossesse et allaitement<\/span>\n                                                                                    <\/div>\n                <p class=\"h1\">Si vous \u00eates enceinte ou si vous allaitez, vous ressentez probablement une forte pression pour arr\u00eater de fumer.<\/h1>\n                <p>Arr\u00eater de fumer est le meilleur moyen de prot\u00e9ger votre sant\u00e9 et celle de votre b\u00e9b\u00e9. Il est \u00e9galement bon de rester \u00e0 l\u2019\u00e9cart de la fum\u00e9e secondaire. Cela peut affecter votre sant\u00e9, votre grossesse et le d\u00e9veloppement de votre b\u00e9b\u00e9.<\/p>\n            <\/div>\n        <\/div>\n    <\/div>\n\n    <div class=\"banner-image--desktop\">\n        <div class=\"trapezoid trapezoid-line\"><\/div>\n\n        <div class=\"trapezoid show-line\">\n            <img decoding=\"async\" src=\"http:\/\/15.156.175.92\/wp-content\/uploads\/2022\/03\/PregnancyandBreastfeeding.jpg\" class='section-img'><\/img>\n        <\/div>\n    <\/div>\n\n<\/div>\n\n\n\n\n<div style=\"height:100px\" aria-hidden=\"true\" class=\"wp-block-spacer is-style-responsive-medium\"><\/div>\n\n\n\n<div class=\"wp-block-columns is-style-skip-two-columns is-layout-flex wp-container-core-columns-is-layout-9d6595d7 wp-block-columns-is-layout-flex\">\n<div class=\"wp-block-column is-layout-flow wp-block-column-is-layout-flow\" style=\"flex-basis:70%\">\n<p>Voici ce qui se passe quand on arr\u00eate de fumer :<\/p>\n\n\n\n<ul class=\"wp-block-list\">\n<li>Le monoxyde de carbone et les autres produits chimiques quittent rapidement votre corps.<\/li>\n\n\n\n<li>La quantit\u00e9 d\u2019oxyg\u00e8ne dans votre sang augmente. Vous et votre b\u00e9b\u00e9 serez ainsi en meilleure sant\u00e9.<\/li>\n<\/ul>\n<\/div>\n\n\n\n<div class=\"wp-block-column is-layout-flow wp-block-column-is-layout-flow\" style=\"flex-basis:30%\"><\/div>\n<\/div>\n\n\n\n<div style=\"height:100px\" aria-hidden=\"true\" class=\"wp-block-spacer is-style-responsive-small\"><\/div>\n\n\n\n<div class=\"wp-block-columns is-style-skip-two-columns is-layout-flex wp-container-core-columns-is-layout-9d6595d7 wp-block-columns-is-layout-flex\">\n<div class=\"wp-block-column is-layout-flow wp-block-column-is-layout-flow\">\n<h2 class=\"wp-block-heading\"><strong>Grossesse<\/strong><\/h2>\n\n\n\n<h5 class=\"wp-block-heading\">De nombreuses personnes souhaitent arr\u00eater de fumer lorsqu\u2019elles sont enceintes. D\u2019autres se sentent pouss\u00e9s \u00e0 abandonner quand elles ne sont pas pr\u00eates.<\/h5>\n\n\n\n<p>Prenez le temps de r\u00e9fl\u00e9chir \u00e0 ce dont vous avez besoin et \u00e0 ce que vous voulez pour vous et pour votre b\u00e9b\u00e9. Ensuite, demandez du soutien aux personnes qui se soucient de vous ou \u00e0 Nouvelle-\u00c9cosse Sans Tabac. Vous pouvez joindre l\u2019un de nos conseillers par le biais de ces services :<\/p>\n\n\n\n<ul class=\"wp-block-list\">\n<li>notre ligne d\u2019aide \u00e0 l\u2019arr\u00eat du tabac 811<\/li>\n\n\n\n<li>clavardage s\u00e9curis\u00e9<\/li>\n<\/ul>\n\n\n\n<p><\/p>\n\n\n\n<p>Nos conseillers ont les comp\u00e9tences et l\u2019exp\u00e9rience n\u00e9cessaires pour vous aider \u00e0 arr\u00eater de fumer, quel que soit le type de produit que vous utilisez. Ils peuvent \u00e9galement vous aider \u00e0 arr\u00eater de vapoter.<\/p>\n\n\n\n<div style=\"height:100px\" aria-hidden=\"true\" class=\"wp-block-spacer is-style-responsive-small\"><\/div>\n<\/div>\n\n\n\n<div class=\"wp-block-column is-layout-flow wp-block-column-is-layout-flow\">\n<figure class=\"wp-block-image size-large\"><img loading=\"lazy\" decoding=\"async\" width=\"1300\" height=\"868\" src=\"http:\/\/15.156.175.92\/wp-content\/uploads\/2022\/03\/pregnantimage2-1300x868.jpg\" alt=\"\" class=\"wp-image-996\" srcset=\"http:\/\/15.156.175.92\/wp-content\/uploads\/2022\/03\/pregnantimage2-1300x868.jpg 1300w, http:\/\/15.156.175.92\/wp-content\/uploads\/2022\/03\/pregnantimage2-850x567.jpg 850w, http:\/\/15.156.175.92\/wp-content\/uploads\/2022\/03\/pregnantimage2-420x280.jpg 420w, http:\/\/15.156.175.92\/wp-content\/uploads\/2022\/03\/pregnantimage2-768x513.jpg 768w, http:\/\/15.156.175.92\/wp-content\/uploads\/2022\/03\/pregnantimage2.jpg 1500w\" sizes=\"auto, (max-width: 1300px) 100vw, 1300px\" \/><\/figure>\n<\/div>\n<\/div>\n\n\n\n<h2 class=\"wp-block-heading\"><strong>Comment l\u2019arr\u00eat du tabac vous affecte, vous et votre b\u00e9b\u00e9<\/strong><\/h2>\n\n\n\n<p>Vous \u00eates reli\u00e9e \u00e0 votre b\u00e9b\u00e9 par le placenta. Le placenta transmet \u00e0 votre b\u00e9b\u00e9 ce que vous mangez, buvez et respirez. En arr\u00eatant de fumer, vous ne transmettrez plus \u00e0 votre b\u00e9b\u00e9 les substances chimiques contenues dans les produits du tabac. Cela signifie que votre b\u00e9b\u00e9 ne sera PAS expos\u00e9 :<\/p>\n\n\n\n<ul class=\"wp-block-list\">\n<li>\u00e0 la nicotine<\/li>\n\n\n\n<li>au monoxyde de carbone<\/li>\n\n\n\n<li>aux autres produits chimiques nocifs<\/li>\n<\/ul>\n\n\n\n<p><\/p>\n\n\n\n<p>Ces produits chimiques peuvent ralentir la croissance de votre b\u00e9b\u00e9. Les b\u00e9b\u00e9s expos\u00e9s \u00e0 la fum\u00e9e de tabac sont, en moyenne, plus petits et en moins bonne sant\u00e9 \u00e0 la naissance. En arr\u00eatant de fumer, vous augmentez les chances que votre b\u00e9b\u00e9 soit en meilleure sant\u00e9 et de bonne taille.<\/p>\n\n\n\n<p>Lorsque vous arr\u00eatez de fumer, votre b\u00e9b\u00e9 est \u00e9galement moins susceptible de d\u00e9velopper des maladies comme l\u2019asthme et les infections de l\u2019oreille.<\/p>\n\n\n\n<p>Si vous arr\u00eatez de fumer, votre b\u00e9b\u00e9 risque moins de mourir du syndrome de mort subite du nourrisson (SMSN).<\/p>\n\n\n\n<p>Les risques pour votre b\u00e9b\u00e9 d\u00e9pendent de la quantit\u00e9 de cigarettes que vous fumez. Moins vous fumez, moins il y a de risques.<\/p>\n\n\n\n<p>Il est pr\u00e9f\u00e9rable d\u2019arr\u00eater de fumer avant de tomber enceinte. Mais si vous \u00eates d\u00e9j\u00e0 enceinte, vous pouvez encore am\u00e9liorer la sant\u00e9 de votre b\u00e9b\u00e9 en arr\u00eatant de fumer.&nbsp; Si vous \u00eates une grosse fumeuse et que vous sentez que vous ne pouvez pas arr\u00eater de fumer, r\u00e9duire votre consommation vous aidera quand m\u00eame.<\/p>\n\n\n\n<div style=\"height:100px\" aria-hidden=\"true\" class=\"wp-block-spacer is-style-responsive-medium\"><\/div>\n\n\n\n<div class=\"wp-block-columns is-style-skip-two-columns is-layout-flex wp-container-core-columns-is-layout-9d6595d7 wp-block-columns-is-layout-flex\">\n<div class=\"wp-block-column is-layout-flow wp-block-column-is-layout-flow\">\n<figure class=\"wp-block-image size-full\"><img loading=\"lazy\" decoding=\"async\" width=\"620\" height=\"414\" src=\"http:\/\/15.156.175.92\/wp-content\/uploads\/2022\/03\/wes-hicks-Xg_LGdZVPe0-unsplash.png\" alt=\"\" class=\"wp-image-462\" srcset=\"http:\/\/15.156.175.92\/wp-content\/uploads\/2022\/03\/wes-hicks-Xg_LGdZVPe0-unsplash.png 620w, http:\/\/15.156.175.92\/wp-content\/uploads\/2022\/03\/wes-hicks-Xg_LGdZVPe0-unsplash-420x280.png 420w\" sizes=\"auto, (max-width: 620px) 100vw, 620px\" \/><\/figure>\n<\/div>\n\n\n\n<div class=\"wp-block-column is-layout-flow wp-block-column-is-layout-flow\">\n<h2 class=\"wp-block-heading\"><strong>Allaitement<\/strong><\/h2>\n\n\n\n<p>Si vous fumez ou c\u00f4toyez des fumeurs, vous pouvez transmettre des substances chimiques nocives comme la nicotine \u00e0 votre b\u00e9b\u00e9 par le biais de votre lait. Plusieurs facteurs influencent la quantit\u00e9 de nicotine dans votre lait:<\/p>\n\n\n\n<ul class=\"wp-block-list\">\n<li>combien vous avez fum\u00e9 ou vapot\u00e9 depuis la derni\u00e8re fois que vous avez nourri votre b\u00e9b\u00e9 ou la derni\u00e8re fois que vous avez tir\u00e9 votre lait.<\/li>\n\n\n\n<li>la quantit\u00e9 de fum\u00e9e secondaire que vous avez absorb\u00e9e en c\u00f4toyant des fumeurs.<\/li>\n\n\n\n<li>combien de temps s\u2019est \u00e9coul\u00e9 depuis la derni\u00e8re fois que vous avez consomm\u00e9 du tabac ou la derni\u00e8re fois que vous avez respir\u00e9 de la fum\u00e9e secondaire<\/li>\n\n\n\n<li>la quantit\u00e9 de nourriture de votre b\u00e9b\u00e9<\/li>\n<\/ul>\n\n\n\n<p><\/p>\n\n\n\n<p>Si vous fumez encore, faites-le juste apr\u00e8s la fin de la t\u00e9t\u00e9e du b\u00e9b\u00e9 ou apr\u00e8s avoir tir\u00e9 votre lait. Ainsi, le taux de nicotine dans votre lait sera moins \u00e9lev\u00e9 la prochaine fois que vous nourrirez votre b\u00e9b\u00e9. Ne fumez jamais et ne nourrissez pas votre b\u00e9b\u00e9 en m\u00eame temps. \u00c9vitez \u00e9galement la fum\u00e9e secondaire. Encouragez ceux qui fument encore \u00e0 le faire \u00e0 l\u2019ext\u00e9rieur de votre maison.<\/p>\n\n\n\n<p>Arr\u00eater de fumer est la meilleure chose que vous puissiez faire pour votre sant\u00e9 et celle de votre b\u00e9b\u00e9. Si vous ne pouvez pas arr\u00eater, essayez de r\u00e9duire votre consommation.<\/p>\n<\/div>\n<\/div>\n\n\n\n<div style=\"height:100px\" aria-hidden=\"true\" class=\"wp-block-spacer is-style-responsive-medium\"><\/div>\n\n\n\n<div class=\"wp-block-columns is-style-skip-two-columns is-layout-flex wp-container-core-columns-is-layout-9d6595d7 wp-block-columns-is-layout-flex\">\n<div class=\"wp-block-column is-layout-flow wp-block-column-is-layout-flow\">\n<h2 class=\"wp-block-heading\"><strong>Fum\u00e9e secondaire<\/strong><\/h2>\n\n\n\n<p>Si votre b\u00e9b\u00e9 se trouve dans la m\u00eame pi\u00e8ce ou le m\u00eame endroit que quelqu\u2019un qui fume, il respirera les substances chimiques contenues dans cette fum\u00e9e. C\u2019est ce qu\u2019on appelle la fum\u00e9e secondaire. Veillez \u00e0 ce que personne ne fume \u00e0 proximit\u00e9 de votre b\u00e9b\u00e9. Les personnes doivent \u00e9galement \u00e9viter de fumer dans ces lieux :<\/p>\n\n\n\n<ul class=\"wp-block-list\">\n<li>votre maison<\/li>\n\n\n\n<li>votre voiture<\/li>\n\n\n\n<li>partout o\u00f9 votre b\u00e9b\u00e9 passe du temps<\/li>\n<\/ul>\n\n\n\n<p><\/p>\n\n\n\n<p>Cela r\u00e9duit le risque que le b\u00e9b\u00e9 meure de la mort subite du nourrisson (MSN).<\/p>\n<\/div>\n\n\n\n<div class=\"wp-block-column is-layout-flow wp-block-column-is-layout-flow\">\n<figure class=\"wp-block-image size-large\"><img loading=\"lazy\" decoding=\"async\" width=\"1300\" height=\"1001\" src=\"http:\/\/15.156.175.92\/wp-content\/uploads\/2022\/03\/Newborn-1300x1001.jpg\" alt=\"\" class=\"wp-image-997\" srcset=\"http:\/\/15.156.175.92\/wp-content\/uploads\/2022\/03\/Newborn-1300x1001.jpg 1300w, http:\/\/15.156.175.92\/wp-content\/uploads\/2022\/03\/Newborn-850x655.jpg 850w, http:\/\/15.156.175.92\/wp-content\/uploads\/2022\/03\/Newborn-420x323.jpg 420w, http:\/\/15.156.175.92\/wp-content\/uploads\/2022\/03\/Newborn-768x591.jpg 768w, http:\/\/15.156.175.92\/wp-content\/uploads\/2022\/03\/Newborn.jpg 1500w\" sizes=\"auto, (max-width: 1300px) 100vw, 1300px\" \/><\/figure>\n<\/div>\n<\/div>\n\n\n\n<h2 class=\"wp-block-heading\"><strong>Fum\u00e9e tertiaire<\/strong><\/h2>\n\n\n\n<p>Les produits chimiques du tabac restent sur les surfaces, m\u00eame si personne ne fume. Voici quelques-unes des surfaces auxquelles ces produits chimiques s\u2019accrochent :<\/p>\n\n\n\n<ul class=\"wp-block-list\">\n<li>v\u00eatements<\/li>\n\n\n\n<li>cheveux<\/li>\n\n\n\n<li>la peau de la personne qui fume<\/li>\n\n\n\n<li>meubles<\/li>\n\n\n\n<li>tapis<\/li>\n<\/ul>\n\n\n\n<p><\/p>\n\n\n\n<p>C\u2019est ce qu\u2019on appelle la fum\u00e9e tertiaire. Ces produits chimiques peuvent s\u2019accumuler et rester sur les surfaces pendant des mois. Cela est n\u00e9faste pour les b\u00e9b\u00e9s car ils passent plus de temps avec leur visage pr\u00e8s de ces surfaces. Ils sont plus susceptibles de respirer ces produits chimiques que les adultes.<\/p>\n\n\n\n<h2 class=\"wp-block-heading\"><strong>Soutien aux \u00e9motions apr\u00e8s la naissance<\/strong><\/h2>\n\n\n\n<p>Vous pouvez ressentir des \u00e9motions contradictoires apr\u00e8s l\u2019accouchement. Ces sentiments sont normaux au cours des deux premi\u00e8res semaines car les hormones de votre corps sont en train de changer.<\/p>\n\n\n\n<p>Pour certaines personnes, ces sentiments sont plus forts et durent plus longtemps. Vous pouvez vous sentir d\u00e9sesp\u00e9r\u00e9e, avoir du mal \u00e0 vous concentrer ou vous sentir incapable de faire face \u00e0 la situation. Vous pourriez avoir une d\u00e9pression post-partum. Parlez-en \u00e0 votre prestataire de soins ou contactez-nous. Vous pouvez b\u00e9n\u00e9ficier du soutien d\u2019un conseiller par le biais de l\u2019un de nos services :<\/p>\n\n\n\n<ul class=\"wp-block-list\">\n<li>notre ligne d\u2019aide \u00e0 l\u2019arr\u00eat du tabac 811<\/li>\n\n\n\n<li>clavardage s\u00e9curis\u00e9<\/li>\n<\/ul>\n\n\n\n<p><\/p>\n\n\n\n<p>Nos conseillers ont les comp\u00e9tences et l\u2019exp\u00e9rience n\u00e9cessaires pour vous aider \u00e0 arr\u00eater de fumer, quel que soit le type de produit que vous utilisez. Ils peuvent \u00e9galement vous aider \u00e0 arr\u00eater de vapoter.<\/p>\n\n\n\n<div style=\"height:100px\" aria-hidden=\"true\" class=\"wp-block-spacer is-style-responsive-large\"><\/div>\n\n\n<div class='footer-banner alignfull'>\n    <div class='container'>\n        <div class='row'>\n            <div class='col-lg-6 col-12 footer-info-section'>\n                <h3 class='footer-banner-subtitle'>Cesser de fumer se produit une minute, une heure et un jour \u00e0 la fois.<\/h3>\n                <div class='more-info'>\n                    <h1>Nous sommes l\u00e0 pour vous aider.<\/h1>\n                    <p>Obtenez un soutien gratuit, confidentiel et sans jugement pour vous aider \u00e0 rester non-fumeur. Un conseiller bienveillant peut travailler avec vous, \u00e0 votre rythme, pour vous aider \u00e0 suivre votre plan d&rsquo;abandon du tabac.<\/p>\n                <\/div>\n            <\/div>\n\n            \n            <div class='col-xl-6 col-lg-6 col-md-12 col-12 footer-action-cards'>\n               \n\n<div class=\"wp-block-group\"><div class=\"wp-block-group__inner-container is-layout-flow wp-block-group-is-layout-flow\">\n<div class=\"wp-block-columns is-layout-flex wp-container-core-columns-is-layout-9d6595d7 wp-block-columns-is-layout-flex\">\n<div class=\"wp-block-column is-layout-flow wp-block-column-is-layout-flow\">\n<div class='action-card has-white-background-color has-background'  style='background:#FFFFFF'>\n  <div class='action-card-icon'>\n    <i class='fas fa-phone'><\/i>\n  <\/div>\n  \n  <h4 class='action-card-title'>Aide par t\u00e9l\u00e9phone<\/h4>\n  \n  \n    <p class='action-card-description'>Des conseils gratuits sont disponibles Lun\u2013Jeu 9am-10pm, Ven 9am\u20137pm, Sam-Dim 10am\u20136pm<\/p>\n  \n    <div>\n    <a href='tel:811' \n       target=\"_self\" \n       class='action-card-action-button'>\n        <i class='fas fa-phone'><\/i>\n        811\n    <\/a>\n  <\/div>\n  \n    <div style=\"margin-top:10px\">\n    <a href='\/fr\/aide-par-telephone\/' \n       target=\"_self\"\n       class='action-card-action-link'>\n       Fonctionnement de l\u2019Aide par t\u00e9l\u00e9phone\n        <i class=\"fas fa-arrow-right\"><\/i>\n    <\/a>\n  <\/div>\n  <\/div>\n\n<\/div>\n\n\n\n<div class=\"wp-block-column is-layout-flow wp-block-column-is-layout-flow\">\n<div class='action-card has-white-background-color has-background'  style='background:#FFFFFF'>\n  <div class='action-card-icon'>\n    <i class='fas fa-comment'><\/i>\n  <\/div>\n  \n  <h4 class='action-card-title'>Clavardage s\u00e9curis\u00e9<\/h4>\n  \n  \n    <p class='action-card-description'>Counselling en ligne gratuit pour obtenir des conseils et des informations personnalis\u00e9s.<\/p>\n  \n    <div>\n    <a href='\/fr\/clavardage-securise\/' \n       target=\"_self\" \n       class='action-card-action-button'>\n        <i class='fas fa-comment'><\/i>\n        Clavarder maintenant\n    <\/a>\n  <\/div>\n  \n    <div style=\"margin-top:10px\">\n    <a href='\/fr\/clavardage-securise\/' \n       target=\"_self\"\n       class='action-card-action-link'>\n       En savoir plus sur le clavardage s\u00e9curis\u00e9\n        <i class=\"fas fa-arrow-right\"><\/i>\n    <\/a>\n  <\/div>\n  <\/div>\n\n<\/div>\n<\/div>\n\n\n\n<div class=\"wp-block-group has-white-background-color has-background\"><div class=\"wp-block-group__inner-container is-layout-flow wp-block-group-is-layout-flow\">\n<div style=\"height:100px\" aria-hidden=\"true\" class=\"wp-block-spacer is-style-responsive-small\"><\/div>\n\n\n\n<p class=\"has-text-align-center\"><strong>Textez SMOKEFREE au 902-700-7700 pour recevoir des messages de motivation hebdomadaires (en anglais)<\/strong><\/p>\n\n\n\n<div class=\"wp-block-buttons is-layout-flex wp-block-buttons-is-layout-flex\">\n<div class=\"wp-block-button is-style-tfns-arrow-link aligncenter\"><a class=\"wp-block-button__link wp-element-button\" href=\"\/fr\/message-texte-de-motivation-hebdomadaire\/\">En savoir plus sur les textos de motivation<\/a><\/div>\n<\/div>\n\n\n\n<div style=\"height:100px\" aria-hidden=\"true\" class=\"wp-block-spacer is-style-responsive-small\"><\/div>\n<\/div><\/div>\n<\/div><\/div>\n\n\n            <\/div>\n        <\/div>\n    <\/div>\n    <img decoding=\"async\" src=\"http:\/\/15.156.175.92\/wp-content\/uploads\/2022\/03\/Mask-Group-2383.svg\" class='footer-banner-img'><\/img>\n<\/div>","protected":false},"excerpt":{"rendered":"<p>Voici ce qui se passe quand on arr\u00eate de fumer : Grossesse De nombreuses personnes souhaitent arr\u00eater de fumer lorsqu\u2019elles sont enceintes. D\u2019autres se sentent pouss\u00e9s \u00e0 abandonner quand elles ne sont pas pr\u00eates. Prenez le temps de r\u00e9fl\u00e9chir \u00e0 ce dont vous avez besoin et \u00e0 ce que vous voulez pour vous et pour [&hellip;]<\/p>\n","protected":false},"author":3,"featured_media":0,"parent":0,"menu_order":0,"comment_status":"closed","ping_status":"closed","template":"","meta":{"_acf_changed":false,"inline_featured_image":false,"_monsterinsights_skip_tracking":false,"_monsterinsights_sitenote_active":false,"_monsterinsights_sitenote_note":"","_monsterinsights_sitenote_category":0,"_uf_show_specific_survey":0,"_uf_disable_surveys":false,"footnotes":""},"class_list":["post-1497","page","type-page","status-publish","hentry"],"acf":[],"aioseo_notices":[],"_links":{"self":[{"href":"http:\/\/15.156.175.92\/fr\/wp-json\/wp\/v2\/pages\/1497","targetHints":{"allow":["GET"]}}],"collection":[{"href":"http:\/\/15.156.175.92\/fr\/wp-json\/wp\/v2\/pages"}],"about":[{"href":"http:\/\/15.156.175.92\/fr\/wp-json\/wp\/v2\/types\/page"}],"author":[{"embeddable":true,"href":"http:\/\/15.156.175.92\/fr\/wp-json\/wp\/v2\/users\/3"}],"replies":[{"embeddable":true,"href":"http:\/\/15.156.175.92\/fr\/wp-json\/wp\/v2\/comments?post=1497"}],"version-history":[{"count":11,"href":"http:\/\/15.156.175.92\/fr\/wp-json\/wp\/v2\/pages\/1497\/revisions"}],"predecessor-version":[{"id":2502,"href":"http:\/\/15.156.175.92\/fr\/wp-json\/wp\/v2\/pages\/1497\/revisions\/2502"}],"wp:attachment":[{"href":"http:\/\/15.156.175.92\/fr\/wp-json\/wp\/v2\/media?parent=1497"}],"curies":[{"name":"wp","href":"https:\/\/api.w.org\/{rel}","templated":true}]}}