{"id":1499,"date":"2022-03-23T17:27:24","date_gmt":"2022-03-23T17:27:24","guid":{"rendered":"http:\/\/15.156.175.92\/aide-par-telephone\/"},"modified":"2025-04-29T16:31:24","modified_gmt":"2025-04-29T16:31:24","slug":"aide-par-telephone","status":"publish","type":"page","link":"http:\/\/15.156.175.92\/fr\/aide-par-telephone\/","title":{"rendered":"811 Ligne d\u2019aide \u00e0 l\u2019abandon du tabac"},"content":{"rendered":"<div class='two-section-container alignfull'>\n    <div class=\"banner-image--mobile\">\n        <div class=\"trapezoid trapezoid-line\"><\/div>\n        <div class=\"trapezoid show-line\">\n            <img decoding=\"async\" src=\"http:\/\/15.156.175.92\/wp-content\/uploads\/2022\/03\/QuitLine_HeaderIllustration.png\" class='section-img'><\/img>\n        <\/div>\n    <\/div>\n    <div class=\"container two-section-wrapper\">\n        <div class=\"row\">\n            <div class=\"col-xl-6 col-lg-6 col-md-7 col-12 section-text\">\n                <div class=\"section-breadcrumb\">\n                                                                        <span class=\"crumb active\">811 Ligne d\u2019aide \u00e0 l\u2019abandon du tabac<\/span>\n                                                                                    <\/div>\n                <p class=\"h1\">Si vous avez besoin d\u2019aide, appelez-nous.<\/h1>\n                <p>Nous offrons un soutien personnalis\u00e9, sans jugement, pour vous aider \u00e0 arr\u00eater de fumer et \u00e0 rester non-fumeur. Que vous envisagiez d\u2019arr\u00eater de fumer ou que vous ayez des difficult\u00e9s, nous pouvons vous aider \u00e0 chaque \u00e9tape du processus.  Tous les services sont gratuits et confidentiels.<\/p>\n            <\/div>\n        <\/div>\n    <\/div>\n\n    <div class=\"banner-image--desktop\">\n        <div class=\"trapezoid trapezoid-line\"><\/div>\n\n        <div class=\"trapezoid show-line\">\n            <img decoding=\"async\" src=\"http:\/\/15.156.175.92\/wp-content\/uploads\/2022\/03\/QuitLine_HeaderIllustration.png\" class='section-img'><\/img>\n        <\/div>\n    <\/div>\n\n<\/div>\n\n\n\n\n<div style=\"height:100px\" aria-hidden=\"true\" class=\"wp-block-spacer is-style-responsive-medium\"><\/div>\n\n\n\n<div class=\"wp-block-columns is-layout-flex wp-container-core-columns-is-layout-9d6595d7 wp-block-columns-is-layout-flex\">\n<div class=\"wp-block-column is-layout-flow wp-block-column-is-layout-flow\">\n<h4 class=\"wp-block-heading\">Notre conseiller vous aidera \u00e0 \u00e9tablir un plan d\u2019abandon du tabac qui vous convient. Vous obtiendrez de l\u2019aide pour faire face aux envies et au sevrage, ou peut-\u00eatre aurez-vous simplement besoin de parler. Le soutien est l\u00e0 quand vous en avez besoin. Parler au t\u00e9l\u00e9phone avec un conseiller est un bon moyen de r\u00e9pondre \u00e0 vos besoins. Nos conseillers ont les comp\u00e9tences et l\u2019exp\u00e9rience n\u00e9cessaires pour vous aider \u00e0 arr\u00eater de fumer, quel que soit le type de produit que vous utilisez. Ils peuvent \u00e9galement vous aider \u00e0 arr\u00eater de vapoter<\/h4>\n\n\n\n<div style=\"height:100px\" aria-hidden=\"true\" class=\"wp-block-spacer is-style-responsive-small\"><\/div>\n\n\n\n<h2 class=\"wp-block-heading\">Composez le 811 et suivez les instructions pour Nouvelle-\u00c9cosse Sans Tabac.<\/h2>\n<\/div>\n\n\n\n<div class=\"wp-block-column is-layout-flow wp-block-column-is-layout-flow\">\n<h6 class=\"wp-block-heading\"><strong>Horaires :<\/strong><\/h6>\n\n\n\n<h5 class=\"wp-block-heading\">Du lundi au jeudi : de 9 h \u00e0 22 h<\/h5>\n\n\n\n<h5 class=\"wp-block-heading\">Le vendredi : de 9h \u00e0 19h<\/h5>\n\n\n\n<h5 class=\"wp-block-heading\">Les samedi et dimanche : de 10h \u00e0 18h<\/h5>\n<\/div>\n<\/div>\n\n\n\n<h4 class=\"wp-block-heading\"><strong>Avis de non-responsabilit\u00e9 \u2013 Confidentialit\u00e9<\/strong><\/h4>\n\n\n\n<p>Lorsque je communique avec un conseiller de Sans Tabac Nouvelle-\u00c9cosse, je <strong>comprends<\/strong> que tous les renseignements m\u00e9dicaux personnels que je fournis sont prot\u00e9g\u00e9s conform\u00e9ment \u00e0 <em>la Loi sur les renseignements m\u00e9dicaux personnels<\/em> et aux politiques du Minist\u00e8re, et que ces renseignements sont recueillis, utilis\u00e9s, conserv\u00e9s et divulgu\u00e9s \u00e0 cette fin uniquement, \u00e0 moins d\u2019une autre autorisation de la loi ou de l\u2019obtention de mon consentement expr\u00e8s. En ouvrant une s\u00e9ance de clavardage et en fournissant mon nom et mon num\u00e9ro de t\u00e9l\u00e9phone pour qu\u2019on puisse me joindre, je <strong>consens<\/strong> \u00e0 ce que l\u2019Office de la sant\u00e9 mentale et de la lutte contre les d\u00e9pendances recueille, utilise et divulgue mes renseignements m\u00e9dicaux personnels pour me fournir d\u2019autres services dans le cadre de ce programme.<\/p>\n\n\n\n<div style=\"height:100px\" aria-hidden=\"true\" class=\"wp-block-spacer is-style-responsive-medium\"><\/div>\n\n\n\n<div class=\"wp-block-columns are-vertically-aligned-top is-layout-flex wp-container-core-columns-is-layout-9d6595d7 wp-block-columns-is-layout-flex\">\n<div class=\"wp-block-column is-layout-flow wp-block-column-is-layout-flow\">\n<div class=\"wp-block-columns are-vertically-aligned-top is-layout-flex wp-container-core-columns-is-layout-9d6595d7 wp-block-columns-is-layout-flex\"><\/div>\n<\/div>\n<\/div>\n\n\n\n<div style=\"height:100px\" aria-hidden=\"true\" class=\"wp-block-spacer is-style-responsive-large\"><\/div>\n","protected":false},"excerpt":{"rendered":"<p>Notre conseiller vous aidera \u00e0 \u00e9tablir un plan d\u2019abandon du tabac qui vous convient. Vous obtiendrez de l\u2019aide pour faire face aux envies et au sevrage, ou peut-\u00eatre aurez-vous simplement besoin de parler. Le soutien est l\u00e0 quand vous en avez besoin. Parler au t\u00e9l\u00e9phone avec un conseiller est un bon moyen de r\u00e9pondre \u00e0 [&hellip;]<\/p>\n","protected":false},"author":3,"featured_media":0,"parent":0,"menu_order":0,"comment_status":"closed","ping_status":"closed","template":"","meta":{"_acf_changed":false,"inline_featured_image":false,"_monsterinsights_skip_tracking":false,"_monsterinsights_sitenote_active":false,"_monsterinsights_sitenote_note":"","_monsterinsights_sitenote_category":0,"_uf_show_specific_survey":0,"_uf_disable_surveys":false,"footnotes":""},"class_list":["post-1499","page","type-page","status-publish","hentry"],"acf":[],"aioseo_notices":[],"_links":{"self":[{"href":"http:\/\/15.156.175.92\/fr\/wp-json\/wp\/v2\/pages\/1499","targetHints":{"allow":["GET"]}}],"collection":[{"href":"http:\/\/15.156.175.92\/fr\/wp-json\/wp\/v2\/pages"}],"about":[{"href":"http:\/\/15.156.175.92\/fr\/wp-json\/wp\/v2\/types\/page"}],"author":[{"embeddable":true,"href":"http:\/\/15.156.175.92\/fr\/wp-json\/wp\/v2\/users\/3"}],"replies":[{"embeddable":true,"href":"http:\/\/15.156.175.92\/fr\/wp-json\/wp\/v2\/comments?post=1499"}],"version-history":[{"count":10,"href":"http:\/\/15.156.175.92\/fr\/wp-json\/wp\/v2\/pages\/1499\/revisions"}],"predecessor-version":[{"id":2630,"href":"http:\/\/15.156.175.92\/fr\/wp-json\/wp\/v2\/pages\/1499\/revisions\/2630"}],"wp:attachment":[{"href":"http:\/\/15.156.175.92\/fr\/wp-json\/wp\/v2\/media?parent=1499"}],"curies":[{"name":"wp","href":"https:\/\/api.w.org\/{rel}","templated":true}]}}