{"id":1501,"date":"2022-03-23T17:28:09","date_gmt":"2022-03-23T17:28:09","guid":{"rendered":"http:\/\/15.156.175.92\/clavardage-securise\/"},"modified":"2025-04-29T16:18:50","modified_gmt":"2025-04-29T16:18:50","slug":"clavardage-securise","status":"publish","type":"page","link":"http:\/\/15.156.175.92\/fr\/clavardage-securise\/","title":{"rendered":"Clavardage s\u00e9curis\u00e9"},"content":{"rendered":"<div class='two-section-container alignfull'>\n    <div class=\"banner-image--mobile\">\n        <div class=\"trapezoid trapezoid-line\"><\/div>\n        <div class=\"trapezoid show-line\">\n            <img decoding=\"async\" src=\"http:\/\/15.156.175.92\/wp-content\/uploads\/2022\/03\/SecureChat_HeaderIllustration.png\" class='section-img'><\/img>\n        <\/div>\n    <\/div>\n    <div class=\"container two-section-wrapper\">\n        <div class=\"row\">\n            <div class=\"col-xl-6 col-lg-6 col-md-7 col-12 section-text\">\n                <div class=\"section-breadcrumb\">\n                                                                        <span class=\"crumb active\">Clavardage s\u00e9curis\u00e9<\/span>\n                                                                                    <\/div>\n                <p class=\"h1\">Obtenez le soutien que vous m\u00e9ritez.<\/h1>\n                <p>Vous envisagez d\u2019arr\u00eater de fumer ? Vous avez du mal \u00e0 rester fid\u00e8le \u00e0 vos habitudes ? Nouvelle-\u00c9cosse Sans Tabac peut vous aider \u00e0 chaque \u00e9tape du processus. Nous offrons un soutien personnalis\u00e9 sans jugement. Tous les services sont gratuits et confidentiels.<\/p>\n            <\/div>\n        <\/div>\n    <\/div>\n\n    <div class=\"banner-image--desktop\">\n        <div class=\"trapezoid trapezoid-line\"><\/div>\n\n        <div class=\"trapezoid show-line\">\n            <img decoding=\"async\" src=\"http:\/\/15.156.175.92\/wp-content\/uploads\/2022\/03\/SecureChat_HeaderIllustration.png\" class='section-img'><\/img>\n        <\/div>\n    <\/div>\n\n<\/div>\n\n\n\n\n<div style=\"height:100px\" aria-hidden=\"true\" class=\"wp-block-spacer is-style-responsive-medium\"><\/div>\n\n\n\n<div class=\"wp-block-columns is-layout-flex wp-container-core-columns-is-layout-9d6595d7 wp-block-columns-is-layout-flex\">\n<div class=\"wp-block-column is-layout-flow wp-block-column-is-layout-flow\" style=\"flex-basis:48%\">\n<h4 class=\"wp-block-heading\">Notre service de clavardage s\u00e9curis\u00e9 vous permet de discuter directement avec les conseillers.<\/h4>\n\n\n\n<p>Nos conseillers ont les comp\u00e9tences et l\u2019exp\u00e9rience n\u00e9cessaires pour vous aider \u00e0 arr\u00eater de fumer, quel que soit le type de produit que vous utilisez. Ils peuvent \u00e9galement vous aider \u00e0 arr\u00eater de vapoter.<\/p>\n\n\n\n<p>Il s\u2019agit d\u2019un service de messagerie texte s\u00e9curis\u00e9.<\/p>\n\n\n\n<p>Voici comment d\u00e9marrer une session s\u00e9curis\u00e9e avec un conseiller :<\/p>\n\n\n\n<ul class=\"wp-block-list\">\n<li>Saisissez votre nom et votre num\u00e9ro de t\u00e9l\u00e9phone dans les espaces ci-dessous.<\/li>\n\n\n\n<li>Cochez la case pour confirmer que vous vivez en Nouvelle-\u00c9cosse.<\/li>\n\n\n\n<li>Cliquez sur la case \u00e0 cocher pour confirmer que vous avez lu, compris et accept\u00e9 les mentions l\u00e9gales.<\/li>\n\n\n\n<li>Cliquez sur Lancer le clavardage s\u00e9curis\u00e9.<\/li>\n<\/ul>\n\n\n\n<p><\/p>\n\n\n\n<p>Il n\u2019est PAS appropri\u00e9 ou s\u00fbr de discuter de certains sujets sur le clavardage s\u00e9curis\u00e9. Un conseiller peut demander \u00e0 poursuivre la conversation par t\u00e9l\u00e9phone pour mieux r\u00e9pondre \u00e0 vos besoins.<\/p>\n\n\n\n<p>Nous assurons la s\u00e9curit\u00e9 et la confidentialit\u00e9 de toutes les informations personnelles. Nous vous demanderons les informations suivantes pour cr\u00e9er un dossier confidentiel :<\/p>\n\n\n\n<ul class=\"wp-block-list\">\n<li>un nom ou un surnom<\/li>\n\n\n\n<li>un num\u00e9ro de t\u00e9l\u00e9phone o\u00f9 nous pouvons vous joindre <\/li>\n\n\n\n<li>votre date de naissance ou votre \u00e2ge approximatif<\/li>\n<\/ul>\n\n\n\n<div style=\"height:100px\" aria-hidden=\"true\" class=\"wp-block-spacer is-style-responsive-small\"><\/div>\n<\/div>\n\n\n\n<div class=\"wp-block-column is-layout-flow wp-block-column-is-layout-flow\">\n<h6 class=\"wp-block-heading\"><strong>Heures de clavardage :<\/strong><\/h6>\n\n\n\n<h5 class=\"wp-block-heading\">Du lundi au jeudi : de 9 h \u00e0 22 h<\/h5>\n\n\n\n<h5 class=\"wp-block-heading\">Le vendredi : de 9h \u00e0 19h<\/h5>\n\n\n\n<h5 class=\"wp-block-heading\">Les samedi et dimanche : de 10h \u00e0 18h<\/h5>\n<\/div>\n<\/div>\n\n\n\n<p>En cas d\u2019urgence, appelez le 911.<\/p>\n\n\n\n<div class=\"wp-block-group\"><div class=\"wp-block-group__inner-container is-layout-flow wp-block-group-is-layout-flow\"><\/div><\/div>\n\n\n\n<div style=\"height:100px\" aria-hidden=\"true\" class=\"wp-block-spacer is-style-responsive-medium\"><\/div>\n\n\n\n<div class=\"wp-block-columns are-vertically-aligned-top is-layout-flex wp-container-core-columns-is-layout-9d6595d7 wp-block-columns-is-layout-flex\">\n<div class=\"wp-block-column is-layout-flow wp-block-column-is-layout-flow\">\n<h4 class=\"wp-block-heading\"><strong>Politique de confidentialit\u00e9<\/strong><\/h4>\n\n\n\n<p>Les renseignements personnels que vous avez fournis pour recevoir les messages mentionn\u00e9s ci-dessus nous permettent de vous envoyer l&rsquo;information demand\u00e9e par message texte. Vos coordonn\u00e9es ne seront ajout\u00e9es \u00e0 aucune liste de distribution, sauf celle \u00e0 laquelle vous vous \u00eates inscrit. Tous les renseignements personnels recueillis et conserv\u00e9s par Sans tabac Nouvelle-\u00c9cosse sont prot\u00e9g\u00e9s en vertu de la loi sur les renseignements m\u00e9dicaux personnels et des politiques de l\u2019Office, et seront trait\u00e9s conform\u00e9ment \u00e0 cet <a href=\"https:\/\/beta.novascotia.ca\/fr\/enonce-de-confidentialite\"><strong>\u00c9nonc\u00e9 de confidentialit\u00e9<\/strong><\/a>.<\/p>\n\n\n\n<p>Poursuivez la conversation par t\u00e9l\u00e9phone pour qu\u2019on puisse mieux r\u00e9pondre \u00e0 vos besoins. Tout le personnel clinique a de l\u2019exp\u00e9rience et est en r\u00e8gle avec son organisme de r\u00e9glementation. Tous les renseignements personnels recueillis sont prot\u00e9g\u00e9s et restent confidentiels. Nous demandons un nom\/surnom, un num\u00e9ro de t\u00e9l\u00e9phone et une date de naissance (ou l\u2019\u00e2ge approximatif, selon la pr\u00e9f\u00e9rence du client) pour cr\u00e9er un dossier confidentiel.<\/p>\n<\/div>\n\n\n\n<div class=\"wp-block-column is-layout-flow wp-block-column-is-layout-flow\">\n<h4 class=\"wp-block-heading\"><strong>Clause de non-responsabilit\u00e9<\/strong><\/h4>\n\n\n\n<p>Veuillez noter que les conseillers fournissant ces services de clavardage s\u00e9curis\u00e9 en ligne sont des professionnels de la sant\u00e9 qualifi\u00e9s et exp\u00e9riment\u00e9s, mais qu\u2019ils ne sont pas autoris\u00e9s \u00e0 fournir un diagnostic m\u00e9dical. Par cons\u00e9quent, ce site n\u2019est pas un outil de diagnostic m\u00e9dical personnalis\u00e9, et il ne fournit pas de diagnostic. L\u2019information qu\u2019il contient ne peut ni ne doit \u00eatre le fondement d\u2019un diagnostic et ne peut ni ne doit \u00eatre utilis\u00e9e \u00e0 cet effet. EMCI et le gouvernement de la Nouvelle-\u00c9cosse n\u2019acceptent aucune responsabilit\u00e9 pour l\u2019utilisation de ce site comme source de conseils m\u00e9dicaux. Aucun des renseignements ou des documents contenus dans ce site ou dans les sites auxquels il renvoie ne peut remplacer une visite, un appel, une consultation ou les conseils d\u2019un fournisseur de soins primaires. Nous recommandons fortement \u00e0 tous les utilisateurs ayant des probl\u00e8mes de sant\u00e9 de consulter un fournisseur de soins primaires pour obtenir un diagnostic m\u00e9dical.<\/p>\n<\/div>\n<\/div>\n\n\n\n<h4 class=\"wp-block-heading\"><strong>Avis de non-responsabilit\u00e9 \u2013 Confidentialit\u00e9<\/strong><\/h4>\n\n\n\n<p>Lorsque je communique avec un conseiller de Sans Tabac Nouvelle-\u00c9cosse, je <strong>comprends<\/strong> que tous les renseignements m\u00e9dicaux personnels que je fournis sont prot\u00e9g\u00e9s conform\u00e9ment \u00e0 la loi sur les renseignements m\u00e9dicaux personnels et aux politiques du Minist\u00e8re, et que ces renseignements sont recueillis, utilis\u00e9s, conserv\u00e9s et divulgu\u00e9s \u00e0 cette fin uniquement, \u00e0 moins d\u2019une autre autorisation de la loi ou de l\u2019obtention de mon consentement expr\u00e8s. En ouvrant une s\u00e9ance de clavardage et en fournissant mon nom et mon num\u00e9ro de t\u00e9l\u00e9phone pour qu\u2019on puisse me joindre, je <strong>consens<\/strong> \u00e0 ce que l\u2019Office de la sant\u00e9 mentale et de la lutte contre les d\u00e9pendances recueille, utilise et divulgue mes renseignements m\u00e9dicaux personnels pour me fournir d\u2019autres services dans le cadre de ce programme.<\/p>\n\n\n\n<div style=\"height:100px\" aria-hidden=\"true\" class=\"wp-block-spacer is-style-responsive-large\"><\/div>\n","protected":false},"excerpt":{"rendered":"<p>Notre service de clavardage s\u00e9curis\u00e9 vous permet de discuter directement avec les conseillers. Nos conseillers ont les comp\u00e9tences et l\u2019exp\u00e9rience n\u00e9cessaires pour vous aider \u00e0 arr\u00eater de fumer, quel que soit le type de produit que vous utilisez. Ils peuvent \u00e9galement vous aider \u00e0 arr\u00eater de vapoter. Il s\u2019agit d\u2019un service de messagerie texte s\u00e9curis\u00e9. [&hellip;]<\/p>\n","protected":false},"author":3,"featured_media":0,"parent":0,"menu_order":0,"comment_status":"closed","ping_status":"closed","template":"","meta":{"_acf_changed":false,"inline_featured_image":false,"_monsterinsights_skip_tracking":false,"_monsterinsights_sitenote_active":false,"_monsterinsights_sitenote_note":"","_monsterinsights_sitenote_category":0,"_uf_show_specific_survey":0,"_uf_disable_surveys":false,"footnotes":""},"class_list":["post-1501","page","type-page","status-publish","hentry"],"acf":[],"aioseo_notices":[],"_links":{"self":[{"href":"http:\/\/15.156.175.92\/fr\/wp-json\/wp\/v2\/pages\/1501","targetHints":{"allow":["GET"]}}],"collection":[{"href":"http:\/\/15.156.175.92\/fr\/wp-json\/wp\/v2\/pages"}],"about":[{"href":"http:\/\/15.156.175.92\/fr\/wp-json\/wp\/v2\/types\/page"}],"author":[{"embeddable":true,"href":"http:\/\/15.156.175.92\/fr\/wp-json\/wp\/v2\/users\/3"}],"replies":[{"embeddable":true,"href":"http:\/\/15.156.175.92\/fr\/wp-json\/wp\/v2\/comments?post=1501"}],"version-history":[{"count":10,"href":"http:\/\/15.156.175.92\/fr\/wp-json\/wp\/v2\/pages\/1501\/revisions"}],"predecessor-version":[{"id":2622,"href":"http:\/\/15.156.175.92\/fr\/wp-json\/wp\/v2\/pages\/1501\/revisions\/2622"}],"wp:attachment":[{"href":"http:\/\/15.156.175.92\/fr\/wp-json\/wp\/v2\/media?parent=1501"}],"curies":[{"name":"wp","href":"https:\/\/api.w.org\/{rel}","templated":true}]}}