{"id":1503,"date":"2022-03-23T17:28:40","date_gmt":"2022-03-23T17:28:40","guid":{"rendered":"http:\/\/15.156.175.92\/message-texte-de-motivation-hebdomadaire\/"},"modified":"2025-04-29T16:26:37","modified_gmt":"2025-04-29T16:26:37","slug":"message-texte-de-motivation-hebdomadaire","status":"publish","type":"page","link":"http:\/\/15.156.175.92\/fr\/message-texte-de-motivation-hebdomadaire\/","title":{"rendered":"Message texte de motivation hebdomadaire"},"content":{"rendered":"<div class='two-section-container alignfull'>\n    <div class=\"banner-image--mobile\">\n        <div class=\"trapezoid trapezoid-line\"><\/div>\n        <div class=\"trapezoid show-line\">\n            <img decoding=\"async\" src=\"http:\/\/15.156.175.92\/wp-content\/uploads\/2022\/03\/TextMotivation_HeaderIllustration.png\" class='section-img'><\/img>\n        <\/div>\n    <\/div>\n    <div class=\"container two-section-wrapper\">\n        <div class=\"row\">\n            <div class=\"col-xl-6 col-lg-6 col-md-7 col-12 section-text\">\n                <div class=\"section-breadcrumb\">\n                                                                        <span class=\"crumb active\">Message texte de motivation hebdomadaire<\/span>\n                                                                                    <\/div>\n                <p class=\"h1\">SMS\/Textos de motivation hebdomadaires (en anglais)<\/h1>\n                <p>Inscrivez-vous \u00e0 notre programme de SMS\/Textos de motivation \u00e0 partir de votre appareil mobile. Nous vous enverrons des messages de motivation utiles tout au long de votre parcours pour cesser de fumer. Les messages de motivation que vous recevez chaque semaine agiront comme une source de soutien continu et contiendront des informations utiles.<\/p>\n            <\/div>\n        <\/div>\n    <\/div>\n\n    <div class=\"banner-image--desktop\">\n        <div class=\"trapezoid trapezoid-line\"><\/div>\n\n        <div class=\"trapezoid show-line\">\n            <img decoding=\"async\" src=\"http:\/\/15.156.175.92\/wp-content\/uploads\/2022\/03\/TextMotivation_HeaderIllustration.png\" class='section-img'><\/img>\n        <\/div>\n    <\/div>\n\n<\/div>\n\n\n\n\n<div class=\"wp-block-columns is-layout-flex wp-container-core-columns-is-layout-9d6595d7 wp-block-columns-is-layout-flex\">\n<div class=\"wp-block-column is-layout-flow wp-block-column-is-layout-flow\">\n<div style=\"height:100px\" aria-hidden=\"true\" class=\"wp-block-spacer is-style-responsive-medium\"><\/div>\n\n\n\n<h2 class=\"wp-block-heading\">Textez SMOKEFREE au 902-700-7700 <\/h2>\n\n\n\n<p>*Des frais de donn\u00e9es peuvent s\u2019appliquer. Ce service ne re\u00e7oit pas les r\u00e9ponses, veuillez utiliser notre clavardage s\u00e9curis\u00e9 pour discuter avec un conseiller.<\/p>\n\n\n\n<div style=\"height:100px\" aria-hidden=\"true\" class=\"wp-block-spacer is-style-responsive-medium\"><\/div>\n<\/div>\n<\/div>\n\n\n\n<div class=\"wp-block-columns are-vertically-aligned-top is-layout-flex wp-container-core-columns-is-layout-9d6595d7 wp-block-columns-is-layout-flex\">\n<div class=\"wp-block-column is-layout-flow wp-block-column-is-layout-flow\">\n<h4 class=\"wp-block-heading\"><strong>Politique de confidentialit\u00e9<\/strong><\/h4>\n\n\n\n<p>Les renseignements personnels que vous avez fournis pour recevoir les messages mentionn\u00e9s ci-dessus nous permettent de vous envoyer l&rsquo;information demand\u00e9e par message texte. Vos coordonn\u00e9es ne seront ajout\u00e9es \u00e0 aucune liste de distribution, sauf celle \u00e0 laquelle vous vous \u00eates inscrit. Tous les renseignements personnels recueillis et conserv\u00e9s par Sans tabac Nouvelle-\u00c9cosse sont prot\u00e9g\u00e9s en vertu de la loi sur les renseignements m\u00e9dicaux personnels et des politiques de l\u2019Office, et seront trait\u00e9s conform\u00e9ment \u00e0 cet <a href=\"https:\/\/beta.novascotia.ca\/fr\/enonce-de-confidentialite\"><strong>\u00c9nonc\u00e9 de confidentialit\u00e9<\/strong><\/a>.<\/p>\n\n\n\n<p>Poursuivez la conversation par t\u00e9l\u00e9phone pour qu\u2019on puisse mieux r\u00e9pondre \u00e0 vos besoins. Tout le personnel clinique a de l\u2019exp\u00e9rience et est en r\u00e8gle avec son organisme de r\u00e9glementation. Tous les renseignements personnels recueillis sont prot\u00e9g\u00e9s et restent confidentiels. Nous demandons un nom\/surnom, un num\u00e9ro de t\u00e9l\u00e9phone et une date de naissance (ou l\u2019\u00e2ge approximatif, selon la pr\u00e9f\u00e9rence du client) pour cr\u00e9er un dossier confidentiel.<\/p>\n<\/div>\n\n\n\n<div class=\"wp-block-column is-layout-flow wp-block-column-is-layout-flow\">\n<h4 class=\"wp-block-heading\"><strong>Clause de non-responsabilit\u00e9<\/strong><\/h4>\n\n\n\n<p>Veuillez noter que les conseillers fournissant ces services de clavardage s\u00e9curis\u00e9 en ligne sont des professionnels de la sant\u00e9 qualifi\u00e9s et exp\u00e9riment\u00e9s, mais qu\u2019ils ne sont pas autoris\u00e9s \u00e0 fournir un diagnostic m\u00e9dical. Par cons\u00e9quent, ce site n\u2019est pas un outil de diagnostic m\u00e9dical personnalis\u00e9, et il ne fournit pas de diagnostic. L\u2019information qu\u2019il contient ne peut ni ne doit \u00eatre le fondement d\u2019un diagnostic et ne peut ni ne doit \u00eatre utilis\u00e9e \u00e0 cet effet. EMCI et le gouvernement de la Nouvelle-\u00c9cosse n\u2019acceptent aucune responsabilit\u00e9 pour l\u2019utilisation de ce site comme source de conseils m\u00e9dicaux. Aucun des renseignements ou des documents contenus dans ce site ou dans les sites auxquels il renvoie ne peut remplacer une visite, un appel, une consultation ou les conseils d\u2019un fournisseur de soins primaires. Nous recommandons fortement \u00e0 tous les utilisateurs ayant des probl\u00e8mes de sant\u00e9 de consulter un fournisseur de soins primaires pour obtenir un diagnostic m\u00e9dical.<\/p>\n<\/div>\n<\/div>\n\n\n\n<h4 class=\"wp-block-heading\"><strong>Avis de non-responsabilit\u00e9 \u2013 Confidentialit\u00e9<\/strong><\/h4>\n\n\n\n<p>Lorsque je communique avec un conseiller de Sans Tabac Nouvelle-\u00c9cosse, je <strong>comprends<\/strong> que tous les renseignements m\u00e9dicaux personnels que je fournis sont prot\u00e9g\u00e9s conform\u00e9ment \u00e0 la loi sur les renseignements m\u00e9dicaux personnels et aux politiques du Minist\u00e8re, et que ces renseignements sont recueillis, utilis\u00e9s, conserv\u00e9s et divulgu\u00e9s \u00e0 cette fin uniquement, \u00e0 moins d\u2019une autre autorisation de la loi ou de l\u2019obtention de mon consentement expr\u00e8s. En ouvrant une s\u00e9ance de clavardage et en fournissant mon nom et mon num\u00e9ro de t\u00e9l\u00e9phone pour qu\u2019on puisse me joindre, je <strong>consens<\/strong> \u00e0 ce que l\u2019Office de la sant\u00e9 mentale et de la lutte contre les d\u00e9pendances recueille, utilise et divulgue mes renseignements m\u00e9dicaux personnels pour me fournir d\u2019autres services dans le cadre de ce programme.<\/p>\n\n\n\n<div style=\"height:100px\" aria-hidden=\"true\" class=\"wp-block-spacer is-style-responsive-large\"><\/div>\n\n\n\n<div class=\"wp-block-group alignwide has-white-color has-dark-grey-background-color has-text-color has-background\"><div class=\"wp-block-group__inner-container is-layout-flow wp-block-group-is-layout-flow\">\n<div style=\"height:100px\" aria-hidden=\"true\" class=\"wp-block-spacer is-style-responsive-small\"><\/div>\n\n\n\n<h6 class=\"wp-block-heading\">D\u00e9sinscription<\/h6>\n\n\n\n<p class=\"has-small-font-size\">Vous pouvez retirer votre consentement \u00e0 recevoir ces textos \u00e0 tout moment. Voici les instructions pour se d\u00e9sinscrire d&rsquo;un programme sp\u00e9cifique, ou de tous les programmes de SMS\/Texto nous vous offrons :<\/p>\n\n\n\n<p class=\"has-small-font-size\">&#8211; Pour se d\u00e9sinscrire des messages de motivation, r\u00e9pondre de nouveau \u00e0 un de nos messages textes avec les mots SMOKEFREE STOP<\/p>\n\n\n\n<p class=\"has-small-font-size\">&#8211; Pour se d\u00e9sinscrire de TOUS NOS programmes de SMS\/Texto auxquels vous \u00eates abonn\u00e9, r\u00e9pondre de nouveau \u00e0 un de nos messages textes avec le mot STOP<\/p>\n\n\n\n<div style=\"height:100px\" aria-hidden=\"true\" class=\"wp-block-spacer is-style-responsive-small\"><\/div>\n<\/div><\/div>\n","protected":false},"excerpt":{"rendered":"<p>Textez SMOKEFREE au 902-700-7700 *Des frais de donn\u00e9es peuvent s\u2019appliquer. Ce service ne re\u00e7oit pas les r\u00e9ponses, veuillez utiliser notre clavardage s\u00e9curis\u00e9 pour discuter avec un conseiller. Politique de confidentialit\u00e9 Les renseignements personnels que vous avez fournis pour recevoir les messages mentionn\u00e9s ci-dessus nous permettent de vous envoyer l&rsquo;information demand\u00e9e par message texte. Vos coordonn\u00e9es [&hellip;]<\/p>\n","protected":false},"author":3,"featured_media":0,"parent":0,"menu_order":0,"comment_status":"closed","ping_status":"closed","template":"","meta":{"_acf_changed":false,"inline_featured_image":false,"_monsterinsights_skip_tracking":false,"_monsterinsights_sitenote_active":false,"_monsterinsights_sitenote_note":"","_monsterinsights_sitenote_category":0,"_uf_show_specific_survey":0,"_uf_disable_surveys":false,"footnotes":""},"class_list":["post-1503","page","type-page","status-publish","hentry"],"acf":[],"aioseo_notices":[],"_links":{"self":[{"href":"http:\/\/15.156.175.92\/fr\/wp-json\/wp\/v2\/pages\/1503","targetHints":{"allow":["GET"]}}],"collection":[{"href":"http:\/\/15.156.175.92\/fr\/wp-json\/wp\/v2\/pages"}],"about":[{"href":"http:\/\/15.156.175.92\/fr\/wp-json\/wp\/v2\/types\/page"}],"author":[{"embeddable":true,"href":"http:\/\/15.156.175.92\/fr\/wp-json\/wp\/v2\/users\/3"}],"replies":[{"embeddable":true,"href":"http:\/\/15.156.175.92\/fr\/wp-json\/wp\/v2\/comments?post=1503"}],"version-history":[{"count":3,"href":"http:\/\/15.156.175.92\/fr\/wp-json\/wp\/v2\/pages\/1503\/revisions"}],"predecessor-version":[{"id":2627,"href":"http:\/\/15.156.175.92\/fr\/wp-json\/wp\/v2\/pages\/1503\/revisions\/2627"}],"wp:attachment":[{"href":"http:\/\/15.156.175.92\/fr\/wp-json\/wp\/v2\/media?parent=1503"}],"curies":[{"name":"wp","href":"https:\/\/api.w.org\/{rel}","templated":true}]}}