{"id":1510,"date":"2022-03-23T17:24:15","date_gmt":"2022-03-23T17:24:15","guid":{"rendered":"http:\/\/15.156.175.92\/cessez-de-fumer\/demeurer-non-fumeur\/"},"modified":"2025-05-02T17:19:42","modified_gmt":"2025-05-02T17:19:42","slug":"demeurer-non-fumeur","status":"publish","type":"page","link":"http:\/\/15.156.175.92\/fr\/cessez-de-fumer\/demeurer-non-fumeur\/","title":{"rendered":"Restez non-fumeur"},"content":{"rendered":"<div class='two-section-container alignfull'>\n    <div class=\"banner-image--mobile\">\n        <div class=\"trapezoid trapezoid-line\"><\/div>\n        <div class=\"trapezoid show-line\">\n            <img decoding=\"async\" src=\"http:\/\/15.156.175.92\/wp-content\/uploads\/2022\/03\/StayQuit_HeaderIllustration.png\" class='section-img'><\/img>\n        <\/div>\n    <\/div>\n    <div class=\"container two-section-wrapper\">\n        <div class=\"row\">\n            <div class=\"col-xl-6 col-lg-6 col-md-7 col-12 section-text\">\n                <div class=\"section-breadcrumb\">\n                                                                        <a href='http:\/\/15.156.175.92\/fr\/cessez-de-fumer\/' class=\"crumb\">Arr\u00eater de vapoter ou de fumer du tabac<\/a>\n                                                                            <i class=\"fas fa-angle-right\"><\/i>\n                                                                                                <span class=\"crumb active\">Restez non-fumeur<\/span>\n                                                                                    <\/div>\n                <p class=\"h1\">Vous pouvez le faire. Vous l\u2019\u00eates d\u00e9j\u00e0.<\/h1>\n                <p>Il y a des moments o\u00f9 vous aurez envie de fumer. Pr\u00e9parez-vous \u00e0 y faire face. Cela vous aidera \u00e0 arr\u00eater de fumer et \u00e0 rester non-fumeur. <\/p>\n            <\/div>\n        <\/div>\n    <\/div>\n\n    <div class=\"banner-image--desktop\">\n        <div class=\"trapezoid trapezoid-line\"><\/div>\n\n        <div class=\"trapezoid show-line\">\n            <img decoding=\"async\" src=\"http:\/\/15.156.175.92\/wp-content\/uploads\/2022\/03\/StayQuit_HeaderIllustration.png\" class='section-img'><\/img>\n        <\/div>\n    <\/div>\n\n<\/div>\n\n\n\n\n<div style=\"height:100px\" aria-hidden=\"true\" class=\"wp-block-spacer is-style-responsive-small\"><\/div>\n\n\n\n<div class=\"wp-block-columns is-style-skip-two-columns is-layout-flex wp-container-core-columns-is-layout-9d6595d7 wp-block-columns-is-layout-flex\">\n<div class=\"wp-block-column is-layout-flow wp-block-column-is-layout-flow\" style=\"flex-basis:66.66%\"><a class='text-with-icon-wrapper' \n   href='#Restez-sur-la-bonne-voie-malgr\u00e9-quelques-obstacles,' \n   style='color:#356426' \n   target=\"_blank\">\n    Restez sur la bonne voie malgr\u00e9 quelques obstacles\n    <i class=\"fas fa-angle-down\"><\/i>\n<\/a>\n\n<a class='text-with-icon-wrapper' \n   href='#Acceptez-les-\u00e9checs' \n   style='color:#356426' \n   target=\"_self\">\n    Acceptez les \u00e9checs\n    <i class=\"fas fa-angle-down\"><\/i>\n<\/a><\/div>\n<\/div>\n\n\n\n<div style=\"height:100px\" aria-hidden=\"true\" class=\"wp-block-spacer is-style-responsive-small\"><\/div>\n\n\n\n<div class=\"wp-block-columns is-layout-flex wp-container-core-columns-is-layout-9d6595d7 wp-block-columns-is-layout-flex\">\n<div class=\"wp-block-column is-layout-flow wp-block-column-is-layout-flow\">\n<h4 class=\"wp-block-heading\"><strong><strong>Rappelez-vous de vos raisons.<\/strong><\/strong><\/h4>\n\n\n\n<p>La meilleure fa\u00e7on de ne pas abandonner est de commencer par vos raisons. Si vous ne les avez pas encore not\u00e9es, \u00e9crivez-les et gardez-les pr\u00e8s de vous. Pour trouver des id\u00e9es aupr\u00e8s d\u2019autres personnes qui ont arr\u00eat\u00e9 de fumer, consultez la rubrique Motivation.<\/p>\n\n\n\n<div class=\"wp-block-buttons is-layout-flex wp-block-buttons-is-layout-flex\">\n<div class=\"wp-block-button is-style-tfns-download-link\"><a class=\"wp-block-button__link wp-element-button\" href=\"http:\/\/15.156.175.92\/wp-content\/uploads\/2022\/04\/TFNS_Know-Your-Reasons_FR.pdf\" target=\"_blank\" rel=\"noreferrer noopener\">Connaissez vos raisons PDF<\/a><\/div>\n<\/div>\n<\/div>\n\n\n\n<div class=\"wp-block-column is-layout-flow wp-block-column-is-layout-flow\">\n<h4 class=\"wp-block-heading\"><strong><strong><strong>Continuez \u00e0 identifier les d\u00e9clencheurs et pr\u00e9voyez comment les g\u00e9rer.<\/strong><\/strong><\/strong><\/h4>\n\n\n\n<p>Au fil du temps, vous pouvez d\u00e9couvrir de nouveaux d\u00e9clencheurs. Pour les g\u00e9rer, vous devrez peut-\u00eatre modifier votre routine ou vos activit\u00e9s. Utilisez notre PDF Mes d\u00e9clencheurs de tabagisme pour rester sur la bonne voie. Trouvez des astuces dans G\u00e9rer les envies.<\/p>\n\n\n\n<div class=\"wp-block-buttons is-layout-flex wp-block-buttons-is-layout-flex\">\n<div class=\"wp-block-button is-style-tfns-download-link\"><a class=\"wp-block-button__link wp-element-button\" href=\"http:\/\/15.156.175.92\/wp-content\/uploads\/2022\/04\/TFNS_Plan-for-Smoking-Triggers_FR.pdf\" target=\"_blank\" rel=\"noreferrer noopener\">Planification de lutte contre les d\u00e9clencheurs PDF (en anglais)<\/a><\/div>\n<\/div>\n<\/div>\n\n\n\n<div class=\"wp-block-column is-layout-flow wp-block-column-is-layout-flow\">\n<h4 class=\"wp-block-heading\"><strong><strong><strong>Ne fumez pas. Pas m\u00eame une bouff\u00e9e !<\/strong><\/strong><\/strong><\/h4>\n\n\n\n<p>Lorsqu\u2019une forte envie se fait sentir, il peut \u00eatre facile d\u2019oublier pourquoi vous avez d\u00e9cid\u00e9 d\u2019arr\u00eater de fumer. Les envies passent souvent en 5 \u00e0 10 minutes. N\u2019oubliez pas votre objectif \u00e0 long terme. Continuez comme \u00e7a ! Rappelez-vous les 4 D :<\/p>\n\n\n\n<ul class=\"wp-block-list\">\n<li>D\u00e9lai<\/li>\n\n\n\n<li>Drink water (boire de l\u2019eau)<\/li>\n\n\n\n<li>Distraction<\/li>\n\n\n\n<li>Deep breathing (respiration profonde).<\/li>\n<\/ul>\n\n\n\n<div class=\"wp-block-buttons is-layout-flex wp-block-buttons-is-layout-flex\">\n<div class=\"wp-block-button is-style-tfns-arrow-link\"><a class=\"wp-block-button__link wp-element-button\" href=\"http:\/\/15.156.175.92\/fr\/cessez-de-fumer\/gerer-les-envies\/\">En savoir plus sur la gestion des envies<\/a><\/div>\n<\/div>\n<\/div>\n<\/div>\n\n\n\n<div style=\"height:100px\" aria-hidden=\"true\" class=\"wp-block-spacer is-style-responsive-medium\"><\/div>\n\n\n\n<div class=\"wp-block-group alignwide has-light-grey-background-color has-background\"><div class=\"wp-block-group__inner-container is-layout-flow wp-block-group-is-layout-flow\">\n<div class=\"wp-block-columns is-layout-flex wp-container-core-columns-is-layout-9d6595d7 wp-block-columns-is-layout-flex\">\n<div class=\"wp-block-column is-layout-flow wp-block-column-is-layout-flow\" id=\"keep-on-track\">\n<div style=\"height:100px\" aria-hidden=\"true\" class=\"wp-block-spacer is-style-responsive-medium\"><\/div>\n<\/div>\n<\/div>\n\n\n\n<div class=\"wp-block-columns is-layout-flex wp-container-core-columns-is-layout-9d6595d7 wp-block-columns-is-layout-flex\">\n<div class=\"wp-block-column is-layout-flow wp-block-column-is-layout-flow\">\n<h2 class=\"wp-block-heading\">Les obstacles, \u00e7a arrive. Continuez comme \u00e7a !<\/h2>\n\n\n\n<h4 class=\"wp-block-heading\"><strong>L\u2019alcool et les situations sociales<\/strong><\/h4>\n\n\n\n<p>L\u2019alcool est un \u00e9l\u00e9ment d\u00e9clencheur importantL\u2019alcool et les situations sociales<\/p>\n\n\n\n<p>pour de nombreux fumeurs. Voici comment vous pouvez y faire face:<\/p>\n\n\n\n<ul class=\"wp-block-list\">\n<li>\u00c9vitez l\u2019alcool lorsque vous commencez \u00e0 arr\u00eater de fumer. Apr\u00e8s quelques semaines, les envies de nicotine dispara\u00eetront et vous serez plus ma\u00eetre de la situation.<\/li>\n\n\n\n<li>Buvez moins d\u2019alcool. De cette fa\u00e7on, vous pensez plus clairement et vous pouvez vous concentrer sur l\u2019arr\u00eat du tabac.<\/li>\n\n\n\n<li>Lorsque vous \u00eates pr\u00eat pour des situations sociales, commencez par des amis qui ne fument pas ou qui ne fumeront pas en votre pr\u00e9sence. \u00c9vitez les personnes qui fument encore et qui pourraient vous offrir une cigarette ou une bouff\u00e9e de leur produit de vapotage.<\/li>\n\n\n\n<li>Lors d\u2019une f\u00eate, donnez \u00e0 vos mains quelque chose \u00e0 faire. Prenez une boisson non alcoolis\u00e9e dans une main et votre t\u00e9l\u00e9phone ou autre chose dans l\u2019autre.<\/li>\n\n\n\n<li>Lorsque vous commencez \u00e0 ressentir une envie, quittez la f\u00eate. Allez vous promener ou rentrez chez vous. F\u00e9licitez-vous d\u2019avoir pass\u00e9 la f\u00eate sans fumer.<\/li>\n<\/ul>\n\n\n\n<div style=\"height:100px\" aria-hidden=\"true\" class=\"wp-block-spacer is-style-responsive-small\"><\/div>\n<\/div>\n\n\n\n<div class=\"wp-block-column is-layout-flow wp-block-column-is-layout-flow\">\n<figure class=\"wp-block-image size-large\"><img loading=\"lazy\" decoding=\"async\" width=\"1300\" height=\"867\" src=\"http:\/\/15.156.175.92\/wp-content\/uploads\/2022\/03\/SocialFriends-1300x867.jpg\" alt=\"\" class=\"wp-image-1200\" srcset=\"http:\/\/15.156.175.92\/wp-content\/uploads\/2022\/03\/SocialFriends-1300x867.jpg 1300w, http:\/\/15.156.175.92\/wp-content\/uploads\/2022\/03\/SocialFriends-850x567.jpg 850w, http:\/\/15.156.175.92\/wp-content\/uploads\/2022\/03\/SocialFriends-420x280.jpg 420w, http:\/\/15.156.175.92\/wp-content\/uploads\/2022\/03\/SocialFriends-768x512.jpg 768w, http:\/\/15.156.175.92\/wp-content\/uploads\/2022\/03\/SocialFriends.jpg 1800w\" sizes=\"auto, (max-width: 1300px) 100vw, 1300px\" \/><\/figure>\n<\/div>\n<\/div>\n\n\n\n<div style=\"height:100px\" aria-hidden=\"true\" class=\"wp-block-spacer is-style-responsive-small\"><\/div>\n\n\n\n<div class=\"wp-block-columns is-layout-flex wp-container-core-columns-is-layout-9d6595d7 wp-block-columns-is-layout-flex\">\n<div class=\"wp-block-column is-layout-flow wp-block-column-is-layout-flow\">\n<h4 class=\"wp-block-heading\"><strong><strong>\u00catre entour\u00e9 de personnes qui fument<\/strong><\/strong><\/h4>\n\n\n\n<p>Vous vous retrouverez \u00e0 un moment ou \u00e0 un autre \u00e0 c\u00f4t\u00e9 d\u2019une personne qui fume. Cela peut d\u00e9clencher une envie de fumer. Voici ce que vous pouvez faire :<\/p>\n\n\n\n<ul class=\"wp-block-list\">\n<li>Si vous la connaissez, dites-lui que vous essayez d\u2019arr\u00eater de fumer. Elle peut ranger sa cigarette ou son produit \u00e0 fumer.<\/li>\n\n\n\n<li>\u00c9loignez-vous. Laissez l\u2019envie passer. Rappelez-vous les raisons pour lesquelles vous avez arr\u00eat\u00e9 de fumer. Dites-vous que vous \u00eates en contr\u00f4le.<\/li>\n\n\n\n<li>Rappelez-vous que vous n\u2019avez pas fum\u00e9 depuis _____ semaines, jours ou minutes. Soyez fier de vous.<\/li>\n\n\n\n<li>Gardez vos mains occup\u00e9es. Sortez votre t\u00e9l\u00e9phone de votre poche.<\/li>\n\n\n\n<li>\u00c9vitez les endroits o\u00f9 vous savez qu\u2019il y aura des fumeurs. Ne sortez PAS avec vos amis ou vos coll\u00e8gues de travail lorsqu\u2019ils prennent une pause cigarette.<\/li>\n<\/ul>\n<\/div>\n\n\n\n<div class=\"wp-block-column is-layout-flow wp-block-column-is-layout-flow\">\n<h4 class=\"wp-block-heading\"><strong>Prise de poids<\/strong><\/h4>\n\n\n\n<p>De nombreuses personnes craignent de prendre du poids apr\u00e8s avoir arr\u00eat\u00e9 de fumer. Il est naturel de manger au lieu de fumer. Il peut \u00e9galement aider \u00e0 lutter contre les envies. Voici des choix sains \u00e0 avoir sous la main :<\/p>\n\n\n\n<ul class=\"wp-block-list\">\n<li>carottes<\/li>\n\n\n\n<li>c\u00e9leri<\/li>\n\n\n\n<li>fruits frais<\/li>\n\n\n\n<li>cornichons<\/li>\n\n\n\n<li>raisins secs<\/li>\n\n\n\n<li>gommes \u00e0 m\u00e2cher sans sucre<\/li>\n\n\n\n<li>graines de tournesol<\/li>\n<\/ul>\n\n\n\n<p><\/p>\n\n\n\n<p>Il est vrai que de nombreux anciens fumeurs prennent un peu de poids. Ces personnes prennent de 3,5 \u00e0 5,5 kilogrammes en moyenne. Certaines personnes ne prennent PAS de poids. Quoi qu\u2019il en soit, arr\u00eater de fumer est de loin la meilleure chose que vous puissiez faire pour votre sant\u00e9.<\/p>\n\n\n\n<p>Pour que votre corps se sente bien, int\u00e9grez l\u2019exercice et une alimentation saine dans votre programme d\u2019abandon du tabac. Marchez ou allez \u00e0 la salle de sport pour vous distraire des envies et des d\u00e9clencheurs. Passez plus de temps \u00e0 cuisiner et \u00e0 apprendre de nouvelles recettes.<\/p>\n\n\n\n<div style=\"height:100px\" aria-hidden=\"true\" class=\"wp-block-spacer is-style-responsive-small\"><\/div>\n\n\n\n<h4 class=\"wp-block-heading\"><strong>Stress<\/strong><\/h4>\n\n\n\n<p>Le fait de se trouver dans une situation stressante peut d\u00e9clencher une envie de fumer. En fait, le stress est l\u2019une des raisons pour lesquelles de nombreux fumeurs commencent \u00e0 fumer. Voir Gestion du stress.<\/p>\n\n\n\n<div class=\"wp-block-buttons is-content-justification-left is-layout-flex wp-container-core-buttons-is-layout-fdcfc74e wp-block-buttons-is-layout-flex\">\n<div class=\"wp-block-button is-style-tfns-arrow-link\"><a class=\"wp-block-button__link wp-element-button\" href=\"http:\/\/15.156.175.92\/fr\/cessez-de-fumer\/gerer-les-envies\/#Other-ways-to-Manage-Cravings\">En savoir plus sur les activit\u00e9s de gestion et de remplacement du stress<\/a><\/div>\n<\/div>\n<\/div>\n<\/div>\n\n\n\n<div style=\"height:100px\" aria-hidden=\"true\" class=\"wp-block-spacer is-style-responsive-medium\"><\/div>\n<\/div><\/div>\n\n\n\n<div class=\"wp-block-columns is-layout-flex wp-container-core-columns-is-layout-9d6595d7 wp-block-columns-is-layout-flex\">\n<div class=\"wp-block-column is-layout-flow wp-block-column-is-layout-flow\">\n<div style=\"height:100px\" aria-hidden=\"true\" class=\"wp-block-spacer is-style-responsive-medium\"><\/div>\n<\/div>\n<\/div>\n\n\n\n<div id=\"Embracing-Setbacks\" class=\"wp-block-group\"><div class=\"wp-block-group__inner-container is-layout-flow wp-block-group-is-layout-flow\">\n<div class=\"wp-block-columns is-style-skip-two-columns is-layout-flex wp-container-core-columns-is-layout-9d6595d7 wp-block-columns-is-layout-flex\">\n<div class=\"wp-block-column is-layout-flow wp-block-column-is-layout-flow\">\n<h2 class=\"wp-block-heading\">Ne vous inqui\u00e9tez pas des revers.<\/h2>\n\n\n\n<p>Attendez-vous \u00e0 des revers dans votre d\u00e9marche d\u2019abandon. N\u2019oubliez pas de rester positif. Sachez que si vous l\u2019avez fait avant, vous pouvez le faire \u00e0 nouveau ! Les d\u00e9rapages et les rechutes font partie du processus d\u2019abandon du tabac.<\/p>\n\n\n\n<p><strong>\u00c9cart<\/strong> &#8211; avoir une seule cigarette<\/p>\n\n\n\n<p><strong>Rechute<\/strong> &#8211; retour aux anciennes habitudes de consommation de tabac<\/p>\n\n\n\n<p>Il existe des signes avant-coureurs qui indiquent que vous pourriez recommencer \u00e0 fumer. Restez aux aguets pour pouvoir rester non-fumeur.<\/p>\n<\/div>\n<\/div>\n\n\n\n<div class=\"wp-block-columns is-style-skip-two-columns is-layout-flex wp-container-core-columns-is-layout-9d6595d7 wp-block-columns-is-layout-flex\">\n<div class=\"wp-block-column is-layout-flow wp-block-column-is-layout-flow\"><div class='align-left '>\n    <div class='rounded-icon' style=\"background:#FAD828\">\n        <i class=\"fas fa-exclamation\"><\/i>\n    <\/div>\n<\/div>\n\n\n<h5 class=\"wp-block-heading\"><strong><strong>Vous pensez que vous pouvez fumer juste une cigarette.<\/strong><\/strong><\/h5>\n\n\n\n<p>C\u2019est ainsi que la plupart des gens recommencent \u00e0 fumer. N\u2019oubliez pas que la nicotine cr\u00e9e une forte d\u00e9pendance. R\u00e9sistez \u00e0 l\u2019envie de fumer.<\/p>\n<\/div>\n\n\n\n<div class=\"wp-block-column is-layout-flow wp-block-column-is-layout-flow\"><div class='align-left '>\n    <div class='rounded-icon' style=\"background:#FAD828\">\n        <i class=\"fas fa-exclamation\"><\/i>\n    <\/div>\n<\/div>\n\n\n<h5 class=\"wp-block-heading\"><strong><strong>Vous prenez des bouff\u00e9es de la cigarette de quelqu\u2019un d\u2019autre.<\/strong><\/strong><\/h5>\n\n\n\n<p>Lorsque vous faites cela, ce n\u2019est qu\u2019une question de temps avant que vous ne vous achetiez un paquet. R\u00e9sistez \u00e0 l\u2019envie de fumer. Dites \u00e0 vos amis et \u00e0 votre famille de ne pas vous donner de cigarettes, quoi qu\u2019il arrive.<\/p>\n<\/div>\n\n\n\n<div class=\"wp-block-column is-layout-flow wp-block-column-is-layout-flow\"><div class='align-left '>\n    <div class='rounded-icon' style=\"background:#FAD828\">\n        <i class=\"fas fa-exclamation\"><\/i>\n    <\/div>\n<\/div>\n\n\n<h5 class=\"wp-block-heading\"><strong><strong>Fumer vous manque beaucoup.<\/strong><\/strong><\/h5>\n\n\n\n<p>Vous pouvez vous demander si le fait d\u2019arr\u00eater de fumer en vaut la peine. C\u2019est normal. Cela deviendra plus facile. Trouvez des moyens de vous r\u00e9compenser. Passez en revue les raisons pour lesquelles vous avez arr\u00eat\u00e9 de fumer. Cela en vaut la peine.<\/p>\n<\/div>\n<\/div>\n\n\n\n<div class=\"wp-block-columns is-style-skip-two-columns is-layout-flex wp-container-core-columns-is-layout-9d6595d7 wp-block-columns-is-layout-flex\">\n<div class=\"wp-block-column is-layout-flow wp-block-column-is-layout-flow\">\n<h4 class=\"wp-block-heading is-style-tfns-decorative-heading\"><strong>Si vous pr\u00e9sentez ces signes ou d\u2019autres signes d\u2019alerte, nous sommes l\u00e0 pour vous aider<\/strong>.<\/h4>\n<\/div>\n\n\n\n<div class=\"wp-block-column is-layout-flow wp-block-column-is-layout-flow\">\n<p>Appelez notre ligne d\u2019aide \u00e0 l\u2019arr\u00eat du tabac 811 ou contactez gratuitement un conseiller par le biais du clavardage s\u00e9curitaire. Nous pouvons vous parler de ce que vous ressentez et vous aider \u00e0 r\u00e9sister \u00e0 vos envies.<\/p>\n\n\n\n<p>Nos conseillers ont les comp\u00e9tences et l\u2019exp\u00e9rience n\u00e9cessaires pour vous aider \u00e0 arr\u00eater de fumer, quel que soit le type de produit que vous utilisez. Ils peuvent \u00e9galement vous aider \u00e0 arr\u00eater de vapoter.<\/p>\n<\/div>\n\n\n\n<div class=\"wp-block-column is-layout-flow wp-block-column-is-layout-flow\"><\/div>\n<\/div>\n\n\n\n<div style=\"height:100px\" aria-hidden=\"true\" class=\"wp-block-spacer is-style-responsive-medium\"><\/div>\n\n\n\n<div class=\"wp-block-columns is-layout-flex wp-container-core-columns-is-layout-9d6595d7 wp-block-columns-is-layout-flex\">\n<div class=\"wp-block-column is-layout-flow wp-block-column-is-layout-flow\">\n<h4 class=\"wp-block-heading\">\u00c9carts<\/h4>\n\n\n\n<p>Un \u00e9cart est un faux pas dans votre d\u00e9marche d\u2019abandon du tabac, comme fumer une seule cigarette. Ne laissez pas une cigarette vous inciter \u00e0 recommencer \u00e0 fumer. Voici ce que vous pouvez faire :<\/p>\n\n\n\n<ul class=\"wp-block-list\">\n<li>Prenez votre \u00e9cart au s\u00e9rieux, mais ne soyez pas trop dur avec vous-m\u00eame.<\/li>\n\n\n\n<li>R\u00e9fl\u00e9chissez \u00e0 ce qui a conduit \u00e0 l\u2019\u00e9cart. Y avait-il des signes avant-coureurs ? Quels ont \u00e9t\u00e9 vos d\u00e9clencheurs ? Notez-les.<\/li>\n\n\n\n<li>Apprenez de vos erreurs. R\u00e9digez un plan pour savoir comment vous allez g\u00e9rer une erreur similaire la prochaine fois.<\/li>\n\n\n\n<li>Examinez les raisons pour lesquelles vous avez arr\u00eat\u00e9 de fumer.<\/li>\n\n\n\n<li>Soyez fiers de ce que vous avez accompli.<\/li>\n<\/ul>\n\n\n\n<div style=\"height:100px\" aria-hidden=\"true\" class=\"wp-block-spacer is-style-responsive-medium\"><\/div>\n<\/div>\n\n\n\n<div class=\"wp-block-column is-layout-flow wp-block-column-is-layout-flow\">\n<h4 class=\"wp-block-heading\">Rechute<\/h4>\n\n\n\n<p>On parle de rechute lorsque l\u2019on retrouve ses anciennes habitudes de fumeur. C\u2019est normal d\u2019avoir une rechute. Arr\u00eater de fumer est un voyage. Il faut parfois s\u2019y reprendre \u00e0 plusieurs fois pour ne pas abandonner. Essayez de ne pas \u00eatre trop dur avec vous-m\u00eame. Le succ\u00e8s que vous avez eu \u00e9tait r\u00e9el. Chaque jour o\u00f9 vous n\u2019avez pas fum\u00e9, vous avez pris des mesures \u00e9nergiques pour \u00eatre une personne plus saine.<\/p>\n\n\n\n<p>Planifiez une autre journ\u00e9e d\u2019abandon d\u00e8s que possible. R\u00e9fl\u00e9chissez \u00e0 la fa\u00e7on dont vous pouvez changer vos anciennes routines. Tirez parti de vos r\u00e9ussites. Voici quelques id\u00e9es :<\/p>\n\n\n\n<ul class=\"wp-block-list\">\n<li>Fumer moins de cigarettes.<\/li>\n\n\n\n<li>Gardez votre maison et votre voiture sans fum\u00e9e.<\/li>\n\n\n\n<li>Attendez quelques heures avant de fumer votre premi\u00e8re cigarette.<\/li>\n\n\n\n<li>Changez certaines de vos habitudes de fumeur.<\/li>\n\n\n\n<li>Les succ\u00e8s que vous avez eus \u00e9taient r\u00e9els. Vous pouvez le faire \u00e0 nouveau.<\/li>\n<\/ul>\n<\/div>\n<\/div>\n<\/div><\/div>\n\n\n\n<div style=\"height:100px\" aria-hidden=\"true\" class=\"wp-block-spacer is-style-responsive-large\"><\/div>\n\n\n<div class='footer-banner alignfull'>\n    <div class='container'>\n        <div class='row'>\n            <div class='col-lg-6 col-12 footer-info-section'>\n                <h3 class='footer-banner-subtitle'>Cesser de fumer se produit une minute, une heure et un jour \u00e0 la fois.<\/h3>\n                <div class='more-info'>\n                    <h1>Nous sommes l\u00e0 pour vous aider.<\/h1>\n                    <p>Obtenez un soutien gratuit, confidentiel et sans jugement pour vous aider \u00e0 rester non-fumeur. Un conseiller bienveillant peut travailler avec vous, \u00e0 votre rythme, pour vous aider \u00e0 suivre votre plan d&rsquo;abandon du tabac.<\/p>\n                <\/div>\n            <\/div>\n\n            \n            <div class='col-xl-6 col-lg-6 col-md-12 col-12 footer-action-cards'>\n               \n\n<div class=\"wp-block-group\"><div class=\"wp-block-group__inner-container is-layout-flow wp-block-group-is-layout-flow\">\n<div class=\"wp-block-columns is-layout-flex wp-container-core-columns-is-layout-9d6595d7 wp-block-columns-is-layout-flex\">\n<div class=\"wp-block-column is-layout-flow wp-block-column-is-layout-flow\">\n<div class='action-card has-white-background-color has-background'  style='background:#FFFFFF'>\n  <div class='action-card-icon'>\n    <i class='fas fa-phone'><\/i>\n  <\/div>\n  \n  <h4 class='action-card-title'>Aide par t\u00e9l\u00e9phone<\/h4>\n  \n  \n    <p class='action-card-description'>Des conseils gratuits sont disponibles Lun\u2013Jeu 9am-10pm, Ven 9am\u20137pm, Sam-Dim 10am\u20136pm<\/p>\n  \n    <div>\n    <a href='tel:811' \n       target=\"_self\" \n       class='action-card-action-button'>\n        <i class='fas fa-phone'><\/i>\n        811\n    <\/a>\n  <\/div>\n  \n    <div style=\"margin-top:10px\">\n    <a href='\/fr\/aide-par-telephone\/' \n       target=\"_self\"\n       class='action-card-action-link'>\n       Fonctionnement de l\u2019Aide par t\u00e9l\u00e9phone\n        <i class=\"fas fa-arrow-right\"><\/i>\n    <\/a>\n  <\/div>\n  <\/div>\n\n<\/div>\n\n\n\n<div class=\"wp-block-column is-layout-flow wp-block-column-is-layout-flow\">\n<div class='action-card has-white-background-color has-background'  style='background:#FFFFFF'>\n  <div class='action-card-icon'>\n    <i class='fas fa-comment'><\/i>\n  <\/div>\n  \n  <h4 class='action-card-title'>Clavardage s\u00e9curis\u00e9<\/h4>\n  \n  \n    <p class='action-card-description'>Counselling en ligne gratuit pour obtenir des conseils et des informations personnalis\u00e9s.<\/p>\n  \n    <div>\n    <a href='\/fr\/clavardage-securise\/' \n       target=\"_self\" \n       class='action-card-action-button'>\n        <i class='fas fa-comment'><\/i>\n        Clavarder maintenant\n    <\/a>\n  <\/div>\n  \n    <div style=\"margin-top:10px\">\n    <a href='\/fr\/clavardage-securise\/' \n       target=\"_self\"\n       class='action-card-action-link'>\n       En savoir plus sur le clavardage s\u00e9curis\u00e9\n        <i class=\"fas fa-arrow-right\"><\/i>\n    <\/a>\n  <\/div>\n  <\/div>\n\n<\/div>\n<\/div>\n\n\n\n<div class=\"wp-block-group has-white-background-color has-background\"><div class=\"wp-block-group__inner-container is-layout-flow wp-block-group-is-layout-flow\">\n<div style=\"height:100px\" aria-hidden=\"true\" class=\"wp-block-spacer is-style-responsive-small\"><\/div>\n\n\n\n<p class=\"has-text-align-center\"><strong>Textez SMOKEFREE au 902-700-7700 pour recevoir des messages de motivation hebdomadaires (en anglais)<\/strong><\/p>\n\n\n\n<div class=\"wp-block-buttons is-layout-flex wp-block-buttons-is-layout-flex\">\n<div class=\"wp-block-button is-style-tfns-arrow-link aligncenter\"><a class=\"wp-block-button__link wp-element-button\" href=\"\/fr\/message-texte-de-motivation-hebdomadaire\/\">En savoir plus sur les textos de motivation<\/a><\/div>\n<\/div>\n\n\n\n<div style=\"height:100px\" aria-hidden=\"true\" class=\"wp-block-spacer is-style-responsive-small\"><\/div>\n<\/div><\/div>\n<\/div><\/div>\n\n\n            <\/div>\n        <\/div>\n    <\/div>\n    <img decoding=\"async\" src=\"http:\/\/15.156.175.92\/wp-content\/uploads\/2022\/03\/Mask-Group-2383.svg\" class='footer-banner-img'><\/img>\n<\/div>","protected":false},"excerpt":{"rendered":"<p>Rappelez-vous de vos raisons. La meilleure fa\u00e7on de ne pas abandonner est de commencer par vos raisons. Si vous ne les avez pas encore not\u00e9es, \u00e9crivez-les et gardez-les pr\u00e8s de vous. Pour trouver des id\u00e9es aupr\u00e8s d\u2019autres personnes qui ont arr\u00eat\u00e9 de fumer, consultez la rubrique Motivation. Continuez \u00e0 identifier les d\u00e9clencheurs et pr\u00e9voyez comment [&hellip;]<\/p>\n","protected":false},"author":3,"featured_media":0,"parent":1450,"menu_order":0,"comment_status":"closed","ping_status":"closed","template":"","meta":{"_acf_changed":false,"inline_featured_image":false,"_monsterinsights_skip_tracking":false,"_monsterinsights_sitenote_active":false,"_monsterinsights_sitenote_note":"","_monsterinsights_sitenote_category":0,"_uf_show_specific_survey":0,"_uf_disable_surveys":false,"footnotes":""},"class_list":["post-1510","page","type-page","status-publish","hentry"],"acf":[],"aioseo_notices":[],"_links":{"self":[{"href":"http:\/\/15.156.175.92\/fr\/wp-json\/wp\/v2\/pages\/1510","targetHints":{"allow":["GET"]}}],"collection":[{"href":"http:\/\/15.156.175.92\/fr\/wp-json\/wp\/v2\/pages"}],"about":[{"href":"http:\/\/15.156.175.92\/fr\/wp-json\/wp\/v2\/types\/page"}],"author":[{"embeddable":true,"href":"http:\/\/15.156.175.92\/fr\/wp-json\/wp\/v2\/users\/3"}],"replies":[{"embeddable":true,"href":"http:\/\/15.156.175.92\/fr\/wp-json\/wp\/v2\/comments?post=1510"}],"version-history":[{"count":20,"href":"http:\/\/15.156.175.92\/fr\/wp-json\/wp\/v2\/pages\/1510\/revisions"}],"predecessor-version":[{"id":2682,"href":"http:\/\/15.156.175.92\/fr\/wp-json\/wp\/v2\/pages\/1510\/revisions\/2682"}],"up":[{"embeddable":true,"href":"http:\/\/15.156.175.92\/fr\/wp-json\/wp\/v2\/pages\/1450"}],"wp:attachment":[{"href":"http:\/\/15.156.175.92\/fr\/wp-json\/wp\/v2\/media?parent=1510"}],"curies":[{"name":"wp","href":"https:\/\/api.w.org\/{rel}","templated":true}]}}